{"id":1117,"date":"2024-09-21T06:10:02","date_gmt":"2024-09-21T06:10:02","guid":{"rendered":"https:\/\/filmfestivaldorf.com\/en\/?page_id=1117"},"modified":"2024-09-29T07:37:48","modified_gmt":"2024-09-29T07:37:48","slug":"2024-dorf-info","status":"publish","type":"page","link":"https:\/\/filmfestivaldorf.com\/en\/2024-dorf-info\/","title":{"rendered":"2024 DORF INFO"},"content":{"rendered":"\t<div class=\"img has-hover x md-x lg-x y md-y lg-y\" id=\"image_1919293550\">\n\t\t\t\t\t\t\t\t<div class=\"img-inner dark\" >\n\t\t\t<img loading=\"lazy\" decoding=\"async\" width=\"1020\" height=\"448\" src=\"https:\/\/filmfestivaldorf.com\/en\/wp-content\/uploads\/2024\/09\/dorf-festival-vinkovci-1400x615.jpg\" class=\"attachment-large size-large\" alt=\"\" srcset=\"https:\/\/filmfestivaldorf.com\/en\/wp-content\/uploads\/2024\/09\/dorf-festival-vinkovci-1400x615.jpg 1400w, https:\/\/filmfestivaldorf.com\/en\/wp-content\/uploads\/2024\/09\/dorf-festival-vinkovci-800x351.jpg 800w, https:\/\/filmfestivaldorf.com\/en\/wp-content\/uploads\/2024\/09\/dorf-festival-vinkovci-768x337.jpg 768w, https:\/\/filmfestivaldorf.com\/en\/wp-content\/uploads\/2024\/09\/dorf-festival-vinkovci-1536x674.jpg 1536w, https:\/\/filmfestivaldorf.com\/en\/wp-content\/uploads\/2024\/09\/dorf-festival-vinkovci.jpg 1640w\" sizes=\"(max-width: 1020px) 100vw, 1020px\" \/>\t\t\t\t\t\t\n\t\t\t\t\t<\/div>\n\t\t\t\t\t\t\t\t\n<style scope=\"scope\">\n\n#image_1919293550 {\n  width: 100%;\n}\n<\/style>\n\t<\/div>\n\t\n\t<div id=\"gap-1785087230\" class=\"gap-element clearfix\" style=\"display:block; height:auto;\">\n\t\t\n<style scope=\"scope\">\n\n#gap-1785087230 {\n  padding-top: 60px;\n}\n<\/style>\n\t<\/div>\n\t\n\t<div class=\"img has-hover x md-x lg-x y md-y lg-y\" id=\"image_327780323\">\n\t\t\t\t\t\t\t\t<div class=\"img-inner dark\" >\n\t\t\t\t\t\t\t\t\t\n\t\t\t\t\t<\/div>\n\t\t\t\t\t\t\t\t\n<style scope=\"scope\">\n\n#image_327780323 {\n  width: 100%;\n}\n<\/style>\n\t<\/div>\n\t\n<div class=\"container section-title-container\" ><h3 class=\"section-title section-title-normal\"><b><\/b><span class=\"section-title-main\" >Foreword 2024<\/span><b><\/b><\/h3><\/div><!-- .section-title -->\n<p>Man. For 18 years we have been watching and talking and loving movies and music and everything that is connected in that magic circle. This year is particularly emotional, we are leaving the nest, that&#8217;s it. We also made a real monograph, there are so many great memories and we wanted to preserve for some new generations a small part of what we did all these years. From the first edition, DORF tried to be a small window into the world, a small training ground for everyone who wants to express themselves and send a message with us. Participate.<\/p>\n<p>We showed again with Bosut that there is enough creative potential and passion for another DORF &#8211; in addition to the already standard Martin and Alen, there is the sculptor Vjekoslav \u017divkovi\u0107 who creates the award for the best film, and the jury member is the brilliant Marinko Marinki\u0107 from Gunja. This year, a lot of regional films have arrived and we are only watching the regional selection, finally. 8 films from Croatia, Slovenia, North Macedonia and Serbia, and that is particularly pleasing. After excellent summer gatherings for several years at Lapidari GMV, this autumn we are watching movies in the super-new City Library and Reading Room Vinkovci, with Hang Loose as a natural place for after parties. The OFF DORF offer includes an interesting book about Tito and punk, along with even more interesting guests with whom we will present and complete a cool story. Septica is also with us, just like the first one, in 2007 &#8211; we will not give up, no! not! not!<\/p>\n<p>You already know everything: let kofianana know, come to us in good company and follow us on social networks, DORF lasts 4 days, from Wednesday to Saturday we are at GKVK from 8:00 p.m.<\/p>\n<p>Toni \u0160ari\u0107, founder and artistic director of the Festival<\/p>\n\t<div id=\"gap-1199817847\" class=\"gap-element clearfix\" style=\"display:block; height:auto;\">\n\t\t\n<style scope=\"scope\">\n\n#gap-1199817847 {\n  padding-top: 63px;\n}\n<\/style>\n\t<\/div>\n\t\n<div class=\"container section-title-container\" ><h3 class=\"section-title section-title-normal\"><b><\/b><span class=\"section-title-main\" >DORF JURY 2024<\/span><b><\/b><\/h3><\/div><!-- .section-title -->\n<p>The best DORF 2024 film will be decided by <strong>Rela Petric<\/strong> (director and editor from Dubrovnik, author of last year&#8217;s winning DORF film, president of the jury), <strong>Marinko Marinki\u0107<\/strong> (cinematographer and director of photography from Gunja, president of MMC SKIG and vice-president of the Croatian Film Association) and <strong>Goran Nje\u017ei\u0107<\/strong> (musician) , visual artist and filmmaker from Sisak, active on the independent scene).<\/p>\n<div class=\"row\"  id=\"row-515238126\">\n<div class=\"col medium-4 small-12 large-4\"  ><div class=\"col-inner\"  >\n\t<div class=\"img has-hover x md-x lg-x y md-y lg-y\" id=\"image_1418998574\">\n\t\t\t\t\t\t\t\t<div class=\"img-inner dark\" >\n\t\t\t<img loading=\"lazy\" decoding=\"async\" width=\"800\" height=\"800\" src=\"https:\/\/filmfestivaldorf.com\/en\/wp-content\/uploads\/2024\/09\/ziri-rela-petric-800x800.jpg\" class=\"attachment-large size-large\" alt=\"\" srcset=\"https:\/\/filmfestivaldorf.com\/en\/wp-content\/uploads\/2024\/09\/ziri-rela-petric-800x800.jpg 800w, https:\/\/filmfestivaldorf.com\/en\/wp-content\/uploads\/2024\/09\/ziri-rela-petric-400x400.jpg 400w, https:\/\/filmfestivaldorf.com\/en\/wp-content\/uploads\/2024\/09\/ziri-rela-petric-280x280.jpg 280w, https:\/\/filmfestivaldorf.com\/en\/wp-content\/uploads\/2024\/09\/ziri-rela-petric-768x768.jpg 768w, https:\/\/filmfestivaldorf.com\/en\/wp-content\/uploads\/2024\/09\/ziri-rela-petric.jpg 1000w\" sizes=\"(max-width: 800px) 100vw, 800px\" \/>\t\t\t\t\t\t\n\t\t\t\t\t<\/div>\n\t\t\t\t\t\t\t\t\n<style scope=\"scope\">\n\n#image_1418998574 {\n  width: 100%;\n}\n<\/style>\n\t<\/div>\n\t\n<p>Rela Petri\u0107<\/p>\n<\/div><\/div>\n<div class=\"col medium-4 small-12 large-4\"  ><div class=\"col-inner\"  >\n\t<div class=\"img has-hover x md-x lg-x y md-y lg-y\" id=\"image_877609977\">\n\t\t\t\t\t\t\t\t<div class=\"img-inner dark\" >\n\t\t\t<img loading=\"lazy\" decoding=\"async\" width=\"623\" height=\"623\" src=\"https:\/\/filmfestivaldorf.com\/en\/wp-content\/uploads\/2024\/09\/ziri-marinko-marincic.jpg\" class=\"attachment-large size-large\" alt=\"\" srcset=\"https:\/\/filmfestivaldorf.com\/en\/wp-content\/uploads\/2024\/09\/ziri-marinko-marincic.jpg 623w, https:\/\/filmfestivaldorf.com\/en\/wp-content\/uploads\/2024\/09\/ziri-marinko-marincic-400x400.jpg 400w, https:\/\/filmfestivaldorf.com\/en\/wp-content\/uploads\/2024\/09\/ziri-marinko-marincic-280x280.jpg 280w\" sizes=\"(max-width: 623px) 100vw, 623px\" \/>\t\t\t\t\t\t\n\t\t\t\t\t<\/div>\n\t\t\t\t\t\t\t\t\n<style scope=\"scope\">\n\n#image_877609977 {\n  width: 100%;\n}\n<\/style>\n\t<\/div>\n\t\n<p>Marinko Marinki\u0107 <\/p>\n<\/div><\/div>\n<div class=\"col medium-4 small-12 large-4\"  ><div class=\"col-inner\"  >\n\t<div class=\"img has-hover x md-x lg-x y md-y lg-y\" id=\"image_1306029385\">\n\t\t\t\t\t\t\t\t<div class=\"img-inner dark\" >\n\t\t\t<img loading=\"lazy\" decoding=\"async\" width=\"800\" height=\"800\" src=\"https:\/\/filmfestivaldorf.com\/en\/wp-content\/uploads\/2024\/09\/ziri-goran-njezic-800x800.jpg\" class=\"attachment-large size-large\" alt=\"\" srcset=\"https:\/\/filmfestivaldorf.com\/en\/wp-content\/uploads\/2024\/09\/ziri-goran-njezic-800x800.jpg 800w, https:\/\/filmfestivaldorf.com\/en\/wp-content\/uploads\/2024\/09\/ziri-goran-njezic-400x400.jpg 400w, https:\/\/filmfestivaldorf.com\/en\/wp-content\/uploads\/2024\/09\/ziri-goran-njezic-280x280.jpg 280w, https:\/\/filmfestivaldorf.com\/en\/wp-content\/uploads\/2024\/09\/ziri-goran-njezic-768x768.jpg 768w, https:\/\/filmfestivaldorf.com\/en\/wp-content\/uploads\/2024\/09\/ziri-goran-njezic.jpg 960w\" sizes=\"(max-width: 800px) 100vw, 800px\" \/>\t\t\t\t\t\t\n\t\t\t\t\t<\/div>\n\t\t\t\t\t\t\t\t\n<style scope=\"scope\">\n\n#image_1306029385 {\n  width: 100%;\n}\n<\/style>\n\t<\/div>\n\t\n<p>Goran Nje\u017ei\u0107 <\/p>\n<\/div><\/div>\n<\/div>\n<div class=\"row\"  id=\"row-706435551\">\n<div class=\"col small-12 large-12\"  ><div class=\"col-inner\"  >\n<div class=\"container section-title-container\" ><h3 class=\"section-title section-title-normal\"><b><\/b><span class=\"section-title-main\" >AWARDS 2024<\/span><b><\/b><\/h3><\/div><!-- .section-title -->\n<p>The young Vinkovac sculptor <strong>Vjekoslav \u017divkovi\u0107<\/strong> is responsible for the unique awards at this year&#8217;s festival.<\/p>\n<p>The author of this year&#8217;s visual identity is <strong>Goran Nje\u017ei\u0107<\/strong>. He graduated from the Academy of Applied Arts of the University of Rijeka in the class of prof. Dalibor Martinis. He is active on the independent Croatian scene as a musician, visual artist and filmmaker.<\/p>\n<p><strong>Martin Peranovi\u0107<\/strong>, a designer from Otok, continues to take care of the visual identity on the web and promotional materials.<\/p>\n<\/div><\/div>\n<\/div>\n","protected":false},"excerpt":{"rendered":"<p>Man. For 18 years we have been watching and talking and loving movies and music and everything that is connected in that magic circle. This year is particularly emotional, we are leaving the nest, that&#8217;s it. We also made a real monograph, there are so many great memories and we wanted to preserve for some [&#8230;]\n","protected":false},"author":1,"featured_media":0,"parent":0,"menu_order":0,"comment_status":"closed","ping_status":"closed","template":"","meta":{"footnotes":"","_links_to":"","_links_to_target":""},"class_list":["post-1117","page","type-page","status-publish","hentry"],"_links":{"self":[{"href":"https:\/\/filmfestivaldorf.com\/en\/wp-json\/wp\/v2\/pages\/1117"}],"collection":[{"href":"https:\/\/filmfestivaldorf.com\/en\/wp-json\/wp\/v2\/pages"}],"about":[{"href":"https:\/\/filmfestivaldorf.com\/en\/wp-json\/wp\/v2\/types\/page"}],"author":[{"embeddable":true,"href":"https:\/\/filmfestivaldorf.com\/en\/wp-json\/wp\/v2\/users\/1"}],"replies":[{"embeddable":true,"href":"https:\/\/filmfestivaldorf.com\/en\/wp-json\/wp\/v2\/comments?post=1117"}],"version-history":[{"count":8,"href":"https:\/\/filmfestivaldorf.com\/en\/wp-json\/wp\/v2\/pages\/1117\/revisions"}],"predecessor-version":[{"id":1165,"href":"https:\/\/filmfestivaldorf.com\/en\/wp-json\/wp\/v2\/pages\/1117\/revisions\/1165"}],"wp:attachment":[{"href":"https:\/\/filmfestivaldorf.com\/en\/wp-json\/wp\/v2\/media?parent=1117"}],"curies":[{"name":"wp","href":"https:\/\/api.w.org\/{rel}","templated":true}]}}