{"id":1253,"date":"2020-07-25T06:11:03","date_gmt":"2020-07-25T06:11:03","guid":{"rendered":"https:\/\/filmfestivaldorf.com\/hr\/?page_id=1253"},"modified":"2020-08-11T16:45:29","modified_gmt":"2020-08-11T16:45:29","slug":"raspored-dorf-2020","status":"publish","type":"page","link":"https:\/\/filmfestivaldorf.com\/hr\/raspored-dorf-2020\/","title":{"rendered":"RASPORED FILMSKI TJEDAN 18-22.08.2020"},"content":{"rendered":"<div class=\"row row-dashed\"  id=\"row-1575634907\">\n<div class=\"col medium-6 small-6 large-6\"  ><div class=\"col-inner\"  >\n<h3>18.08. (utorak)<\/h3>\n<p style=\"font-weight: 400;\"><span style=\"color: #ffffff; background-color: #282828; font-size: 80%;\"><strong><u>_@<\/u>Hang Loose_<\/strong><\/span><\/p>\n<p style=\"font-weight: 400;\">19:00<\/p>\n<p style=\"font-weight: 400;\"><span style=\"color: #ffffff; background-color: #9a6434;\"><strong><span style=\"font-size: 100%; background-color: #9a6434;\">OFF<\/span><\/strong><\/span>\/<span style=\"background-color: #ffffff;\"><a style=\"background-color: #ffffff;\" href=\"https:\/\/filmfestivaldorf.com\/hr\/2020dorf-off-izlozba-plakata-artplakata\/\">\u00a0<span style=\"text-decoration: underline;\"><strong>IZLO\u017dBA PLAKATA<\/strong>\u00a0\u201e 12 ARTPLAKATA\u201c &#8211; otvorenje<\/span><\/a><\/span><\/p>\n<p style=\"font-weight: 400;\"><span style=\"color: #ffffff; background-color: #282828; font-size: 80%;\"><strong><u>_@<\/u>Lapidarij GMV_<\/strong><\/span><\/p>\n<p style=\"font-weight: 400;\">20:30<\/p>\n<p style=\"font-weight: 400;\"><span style=\"background-color: #9a6434; color: #ffffff;\"><strong>AFV<\/strong><\/span>\/\u00a0<strong>SVE\u010cANO OTVORENJE 8.ANTI\u010cKIH FILMSKIH VE\u010cERI<\/strong><\/p>\n<p style=\"font-weight: 400;\"><span style=\"text-decoration: underline;\"><a href=\"https:\/\/filmfestivaldorf.com\/hr\/2020dorf-posljednji-bunar\/\"><strong>\u201ePosljednji bunar&#8221;<\/strong>, 19\u2019<\/a><\/span><\/p>\n<p style=\"font-weight: 400;\"><span style=\"text-decoration: underline;\"><a href=\"https:\/\/filmfestivaldorf.com\/hr\/2020dorf-tko-bi-rekao-fantazije-umrezenog-svijeta\/\"><strong>\u201eTko bi rekao: Fantazije umre\u017eenog svijeta&#8221;<\/strong><\/a><\/span>\u00a0(Lo and behold: reveries of the connected world), 98\u2019<\/p>\n<\/div><\/div>\n<div class=\"col medium-6 small-6 large-6\"  ><div class=\"col-inner\"  >\n<h3>19.8. (SRIJEDA)<\/h3>\n<p style=\"font-weight: 400;\"><span style=\"color: #ffffff; background-color: #282828; font-size: 80%;\"><strong><u>_@<\/u>Lapidarij GMV_<\/strong><\/span><\/p>\n<p style=\"font-weight: 400;\">20:00<\/p>\n<p style=\"font-weight: 400;\"><strong><span style=\"background-color: #9a6434; color: #ffffff;\">AFV<\/span>\/ <a href=\"https:\/\/filmfestivaldorf.com\/hr\/2020dorf-predavanje-gradski-muzej-vinkovci\/\"><span style=\"text-decoration: underline;\">PREDAVANJE Gradski muzej Vinkovci<\/span>, <\/a><\/strong> saznajte sve novosti od ravnatelja Hrvoja Vuli\u0107a<\/p>\n<p style=\"font-weight: 400;\">20:30<\/p>\n<p style=\"font-weight: 400;\"><strong><span style=\"background-color: #9a6434; color: #ffffff;\">AFV<\/span>\/ <span style=\"text-decoration: underline;\"><a href=\"https:\/\/filmfestivaldorf.com\/hr\/2020dorf-kviz-sa-moranom-zibar\/\">KVIZ sa Moranom Zibar\u00a0<\/a><\/span><\/strong>, powered by Klasik TV<\/p>\n<p style=\"font-weight: 400;\">22:00<\/p>\n<p style=\"font-weight: 400;\"><strong><span style=\"background-color: #9a6434; color: #ffffff;\">AFV<\/span>\/ <span style=\"text-decoration: underline;\"><a href=\"https:\/\/filmfestivaldorf.com\/hr\/2020dorf-covjek-i-drvo\/\">\u201e\u010covjek i drvo&#8221;<\/a><\/span><\/strong>, 43&#8242;<\/p>\n<\/div><\/div>\n<div class=\"col medium-6 small-6 large-6\"  ><div class=\"col-inner\"  >\n<h3>20.08. (\u010cETVRTAK)<\/h3>\n<p style=\"font-weight: 400;\"><span style=\"color: #ffffff; background-color: #282828; font-size: 80%;\"><strong><u>_@<\/u>Hang Loose_<\/strong><\/span><\/p>\n<p style=\"font-weight: 400;\">18:00<\/p>\n<p style=\"font-weight: 400;\"><span style=\"color: #ffffff; background-color: #9a6434;\"><strong><span style=\"font-size: 100%; background-color: #9a6434;\">OFF<\/span><\/strong><\/span>\/ <span style=\"text-decoration: underline;\"><a href=\"https:\/\/filmfestivaldorf.com\/hr\/2020dorf-off-promocija-knjige-enciklopedija-hrvatskog-milenijskog-rocka\/\"><strong>PROMOCIJA KNJIGE<\/strong>\u00a0\u201eEnciklopedija hrvatskog milenijskog rocka\u201c<\/a><\/span><\/p>\n<p style=\"font-weight: 400;\"><span style=\"color: #ffffff; background-color: #282828; font-size: 80%;\"><strong><u>_@<\/u>Lapidarij GMV_<\/strong><\/span><\/p>\n<p style=\"font-weight: 400;\">20:30<\/p>\n<p style=\"font-weight: 400;\"><strong>SVE\u010cANO OTVORENJE 14.FESTIVALA DORF<\/strong><\/p>\n<p style=\"font-weight: 400;\"><span style=\"color: #ffffff; background-color: #9a6434;\"><strong>DORF<\/strong><\/span>\/\u00a0<strong>\u201e<span style=\"text-decoration: underline;\"><a href=\"https:\/\/filmfestivaldorf.com\/hr\/2020dorf-grace-jones-bloodlight-and-bami\/\">Grace Jones: Bloodlight and Bami<\/a><\/span>\u201c,<\/strong>\u00a0115&#8242;<\/p>\n<p style=\"font-weight: 400;\"><span style=\"color: #ffffff; background-color: #282828; font-size: 80%;\"><strong><u>_@<\/u>Hang Loose_<\/strong><\/span><\/p>\n<p style=\"font-weight: 400;\">22:30<\/p>\n<p style=\"font-weight: 400;\"><span style=\"color: #ffffff; background-color: #9a6434;\"><strong><span style=\"font-size: 100%; background-color: #9a6434;\">OFF<\/span><\/strong><\/span>\/ <span style=\"text-decoration: underline;\"><a href=\"https:\/\/filmfestivaldorf.com\/hr\/2020dorf-off-slusaonicahang-loose\/\"><strong>SLU\u0160AONICA<\/strong>\u00a0&#8211;\u00a0<em>Grace Jones<\/em><\/a><\/span><\/p>\n<\/div><\/div>\n<div class=\"col medium-6 small-6 large-6\"  ><div class=\"col-inner\"  >\n<h3>21.08. (PETAK)<\/h3>\n<p style=\"font-weight: 400;\"><span style=\"color: #ffffff; background-color: #282828; font-size: 80%;\"><strong><u>_@<\/u>Hang Loose_<\/strong><\/span><\/p>\n<p style=\"font-weight: 400;\">18:00 sati<\/p>\n<p style=\"font-weight: 400;\"><span style=\"color: #ffffff; background-color: #9a6434;\"><strong><span style=\"font-size: 100%; background-color: #9a6434;\">OFF<\/span><\/strong><\/span>\/ <span style=\"text-decoration: underline;\"><a href=\"https:\/\/filmfestivaldorf.com\/hr\/2020dorf-promocija-pop-up-kviz-karata\/\"><strong>PROMOCIJA POP UP KVIZ KARATA<\/strong><\/a><\/span><\/p>\n<p style=\"font-weight: 400;\"><span style=\"color: #ffffff; background-color: #282828; font-size: 80%;\"><strong><u>_@<\/u>Lapidarij GMV_<\/strong><\/span><\/p>\n<p style=\"font-weight: 400;\">20:00<\/p>\n<p style=\"font-weight: 400;\"><span style=\"color: #ffffff; background-color: #9a6434;\"><strong>DORF<\/strong><\/span>\/ \u201e<strong><span style=\"text-decoration: underline;\"><a href=\"https:\/\/filmfestivaldorf.com\/hr\/2020dorf-xyugox-turneja\/\">xYUGOx<\/a><\/span>\u201c<\/strong>, 20&#8242;<\/p>\n<p style=\"font-weight: 400;\"><span style=\"color: #ffffff; background-color: #9a6434;\"><strong>DORF<\/strong><\/span>\/<strong>\u00a0\u201e<span style=\"text-decoration: underline;\"><a href=\"https:\/\/filmfestivaldorf.com\/hr\/2020dorf-erik\/\">Erik<\/a><\/span>\u201c,<\/strong>\u00a078&#8242; (svjetska premijera)<\/p>\n<p style=\"font-weight: 400;\">21:30<\/p>\n<p style=\"font-weight: 400;\"><span style=\"color: #ffffff; background-color: #9a6434;\"><strong>DORF<\/strong><\/span>\/ <span style=\"text-decoration: underline;\"><a href=\"https:\/\/filmfestivaldorf.com\/hr\/2020dorf-new-york-hodocasnistvo\/\"><strong>\u201eNew York \u2013 Hodo\u010dasni\u0161tvo\u201c<\/strong><\/a><\/span>, 39&#8242;\u00a0 (svjetska premijera)<\/p>\n<p style=\"font-weight: 400;\"><span style=\"color: #ffffff; background-color: #9a6434;\"><strong>DORF<\/strong><\/span>\/ <span style=\"text-decoration: underline;\"><a href=\"https:\/\/filmfestivaldorf.com\/hr\/2020dorf-pobjednici-su-dosadni\/\"><strong>\u201ePobjednici su dosadni<\/strong>\u201c<\/a><\/span>, 30&#8242;<\/p>\n<p style=\"font-weight: 400;\"><span style=\"color: #ffffff; background-color: #9a6434;\"><strong>DORF<\/strong><\/span>\/ <span style=\"text-decoration: underline;\"><a href=\"https:\/\/filmfestivaldorf.com\/hr\/2020dorf-sonnyboy-iz-stubicke-slatine\/\"><strong>\u201eSonnyboy iz Stubi\u010dke Slatine\u201c<\/strong><\/a><\/span>, 30&#8242;<\/p>\n<p style=\"font-weight: 400;\"><span style=\"color: #ffffff; background-color: #282828; font-size: 80%;\"><strong><u>_@<\/u>Hang Loose_<\/strong><\/span><\/p>\n<p style=\"font-weight: 400;\">22:30<\/p>\n<p style=\"font-weight: 400;\"><span style=\"color: #ffffff; background-color: #9a6434;\"><strong><span style=\"font-size: 100%; background-color: #9a6434;\">OFF<\/span><\/strong><\/span>\/ <span style=\"text-decoration: underline;\"><a href=\"https:\/\/filmfestivaldorf.com\/hr\/2020dorf-off-slusaonicahang-loose\/\"><strong>SLU\u0160AONICA<\/strong><\/a><\/span><\/p>\n<\/div><\/div>\n<div class=\"col medium-6 small-6 large-6\"  ><div class=\"col-inner\"  >\n<h3>22.08. (SUBOTA)<\/h3>\n<p style=\"font-weight: 400;\"><span style=\"color: #ffffff; background-color: #282828; font-size: 80%;\"><strong><u>_@<\/u>Hang Loose_<\/strong><\/span><\/p>\n<p style=\"font-weight: 400;\">12:00<\/p>\n<p style=\"font-weight: 400;\"><span style=\"color: #ffffff; background-color: #9a6434;\"><strong><span style=\"font-size: 100%; background-color: #9a6434;\">OFF<\/span><\/strong><\/span>\/ <span style=\"text-decoration: underline;\"><a href=\"https:\/\/filmfestivaldorf.com\/hr\/2020dorf-off-vintage-hi-fi-buvljak\/\"><strong>Vintage HI-FI Buvljak<\/strong><\/a><\/span><\/p>\n<p style=\"font-weight: 400;\"><span style=\"color: #ffffff; background-color: #282828; font-size: 80%;\"><strong><u>_@<\/u>Lapidarij GMV_<\/strong><\/span><\/p>\n<p style=\"font-weight: 400;\">20:00<\/p>\n<p style=\"font-weight: 400;\"><span style=\"color: #ffffff; background-color: #9a6434;\"><strong>DORF<\/strong><\/span>\/ <span style=\"text-decoration: underline;\"><a href=\"https:\/\/filmfestivaldorf.com\/hr\/2020dorf-tusta\/\"><strong>\u201eTusta\u201c<\/strong><\/a><\/span>, 109&#8242;<\/p>\n<p style=\"font-weight: 400;\">22:00\u00a0<strong>PROGLA\u0160ENJE I DODJELA NAGRADA 14.DORF<\/strong><\/p>\n<p style=\"font-weight: 400;\"><span style=\"color: #ffffff; background-color: #282828; font-size: 80%;\"><strong><u>_@<\/u>Hang Loose_<\/strong><\/span><\/p>\n<p style=\"font-weight: 400;\">22:30<\/p>\n<p style=\"font-weight: 400;\"><span style=\"color: #ffffff; background-color: #9a6434;\"><strong><span style=\"font-size: 100%; background-color: #9a6434;\">OFF<\/span><\/strong><\/span>\/ <span style=\"text-decoration: underline;\"><a href=\"https:\/\/filmfestivaldorf.com\/hr\/2020dorf-off-slusaonicahang-loose\/\">Slu\u0161aonica<\/a><\/span><\/p>\n<\/div><\/div>\n<div class=\"col medium-6 small-6 large-6\"  ><div class=\"col-inner\"  >\n<h3>23.08. (NEDJELJA)<\/h3>\n<p style=\"font-weight: 400;\">&#8230;<\/p>\n<\/div><\/div>\n\n<style scope=\"scope\">\n\n#row-1575634907 > .col > .col-inner {\n  padding: 30px;\n}\n<\/style>\n<\/div>\n<div class=\"row row-dashed\"  id=\"row-420245068\">\n<div class=\"col medium-12 small-12 large-12\"  ><div class=\"col-inner\"  >\n<h3>Udruga ljubitelja filma RARE Vinkovci<\/h3>\n<p>Ako ovo \u010ditate u lapidariju GMV, zna\u010di da smo uspjeli&#8230;u jednoj od Najlu\u0111ih Godina Ikad&#8230;napraviti offline 14.DORF i 8.AFV izdanje. Uz pomo\u0107 dragih partnera i dobre energije&amp;povjerenja, opet smo u na\u0161oj maloj oazi. Spojene 2 pri\u010de u jedan filmski tjedan i osje\u0107aj da radimo ne\u0161to veliko.<\/p>\n<p>Na\u017ealost, po prvi put nemamo filmove u selekciji Tajna povijest rocka, nemamo ni filmsku radionicu. Ove godine imamo: odli\u010dan plakat, Marko Babi\u0107 feat.Martin Peranovi\u0107; nagrade koje izra\u0111uje nevjerojatni Miro \u017dupa; 2 svjetske premijere; raznovrstan popratni program u Hang Loose dvori\u0161tu; laureate \u017delimir Babogredac i Igor Hofbauer, kojima se ovim bar malo zahvaljujemo za sve iskre&amp;vatre koje su nam predali.<\/p>\n<p>Pridru\u017eite nam se, pratite na dru\u0161tvenim mre\u017eama i javljajte u\u017eivo komentare&amp;sugestije, gledajte s nama filmove, podr\u0161ka je va\u017ena. I pliz svakako javite kofiananu, neka i on zna da smo jo\u0161 jednom uspjeli.<\/p>\n<p><em>Toni \u0160ari\u0107, predsjednik Udruge ljubitelja filma RARE Vinkovci<\/em><\/p>\n<\/div><\/div>\n\n<style scope=\"scope\">\n\n#row-420245068 > .col > .col-inner {\n  padding: 30px;\n}\n<\/style>\n<\/div>\n<div class=\"video video-fit mb\" style=\"padding-top:54%;\"><p><iframe loading=\"lazy\" title=\"DORF 2020 OFFICIAL TRAILER\" width=\"1020\" height=\"574\" src=\"https:\/\/www.youtube.com\/embed\/U0ur1Kr88J8?feature=oembed\" frameborder=\"0\" allow=\"accelerometer; autoplay; encrypted-media; gyroscope; picture-in-picture\" allowfullscreen><\/iframe><\/p>\n<\/div>\n","protected":false},"excerpt":{"rendered":"","protected":false},"author":1,"featured_media":11,"parent":0,"menu_order":14,"comment_status":"closed","ping_status":"closed","template":"page-blank-title-center.php","meta":{"_monsterinsights_skip_tracking":false,"_monsterinsights_sitenote_active":false,"_monsterinsights_sitenote_note":"","_monsterinsights_sitenote_category":0,"_links_to":"","_links_to_target":""},"aioseo_notices":[],"_links":{"self":[{"href":"https:\/\/filmfestivaldorf.com\/hr\/wp-json\/wp\/v2\/pages\/1253"}],"collection":[{"href":"https:\/\/filmfestivaldorf.com\/hr\/wp-json\/wp\/v2\/pages"}],"about":[{"href":"https:\/\/filmfestivaldorf.com\/hr\/wp-json\/wp\/v2\/types\/page"}],"author":[{"embeddable":true,"href":"https:\/\/filmfestivaldorf.com\/hr\/wp-json\/wp\/v2\/users\/1"}],"replies":[{"embeddable":true,"href":"https:\/\/filmfestivaldorf.com\/hr\/wp-json\/wp\/v2\/comments?post=1253"}],"version-history":[{"count":78,"href":"https:\/\/filmfestivaldorf.com\/hr\/wp-json\/wp\/v2\/pages\/1253\/revisions"}],"predecessor-version":[{"id":1580,"href":"https:\/\/filmfestivaldorf.com\/hr\/wp-json\/wp\/v2\/pages\/1253\/revisions\/1580"}],"wp:featuredmedia":[{"embeddable":true,"href":"https:\/\/filmfestivaldorf.com\/hr\/wp-json\/wp\/v2\/media\/11"}],"wp:attachment":[{"href":"https:\/\/filmfestivaldorf.com\/hr\/wp-json\/wp\/v2\/media?parent=1253"}],"curies":[{"name":"wp","href":"https:\/\/api.w.org\/{rel}","templated":true}]}}