{"id":1289,"date":"2020-07-26T14:46:12","date_gmt":"2020-07-26T14:46:12","guid":{"rendered":"https:\/\/filmfestivaldorf.com\/hr\/?page_id=1289"},"modified":"2020-08-04T05:46:06","modified_gmt":"2020-08-04T05:46:06","slug":"2020dorf-off-izlozba-plakata-artplakata","status":"publish","type":"page","link":"https:\/\/filmfestivaldorf.com\/hr\/2020dorf-off-izlozba-plakata-artplakata\/","title":{"rendered":"2020DORF-OFF\/Izlo\u017eba plakata \u201eARTPLAKATA\u201c"},"content":{"rendered":"<h3><span style=\"text-decoration: underline;\"><a href=\"https:\/\/filmfestivaldorf.com\/hr\/raspored-dorf-2020\/\">Raspored 2020<\/a><\/span><\/h3>\n<h3 class=\"uppercase\"><strong><span style=\"color: #282828; background-color: #c0c0c0;\">OFF<\/span>\/ Izlo\u017eba plakata \u201eARTPLAKATA\u201c<\/strong><\/h3>\n<p class=\"lead\">18.08. (utorak) u 19:00 sati \u2013 otvorenje izlo\u017ebe@Hang Loose<\/p>\n<p>&nbsp;<\/p>\n<div class=\"row row-dashed\"  id=\"row-1430805525\">\n<div class=\"col medium-12 small-12 large-12\"  ><div class=\"col-inner\"  >\n<p><img loading=\"lazy\" src=\"https:\/\/filmfestivaldorf.com\/hr\/wp-content\/uploads\/2020\/07\/Vinkovci-kolodvor-1.jpg\" alt=\"\" width=\"1000\" height=\"1000\" class=\"alignnone size-full wp-image-1547\" srcset=\"https:\/\/filmfestivaldorf.com\/hr\/wp-content\/uploads\/2020\/07\/Vinkovci-kolodvor-1.jpg 1000w, https:\/\/filmfestivaldorf.com\/hr\/wp-content\/uploads\/2020\/07\/Vinkovci-kolodvor-1-400x400.jpg 400w, https:\/\/filmfestivaldorf.com\/hr\/wp-content\/uploads\/2020\/07\/Vinkovci-kolodvor-1-800x800.jpg 800w, https:\/\/filmfestivaldorf.com\/hr\/wp-content\/uploads\/2020\/07\/Vinkovci-kolodvor-1-280x280.jpg 280w, https:\/\/filmfestivaldorf.com\/hr\/wp-content\/uploads\/2020\/07\/Vinkovci-kolodvor-1-768x768.jpg 768w\" sizes=\"(max-width: 1000px) 100vw, 1000px\" \/><\/p>\n<\/div><\/div>\n<div class=\"col medium-12 small-12 large-12\"  ><div class=\"col-inner\"  >\n<h3>studio Artplakat<\/h3>\n<p>Svoje plakate predstavit \u0107e premijerno i genijalni studio Artplakata,  autori ovogodi\u0161njeg DORF plakata. Otvorenje izlo\u017ebe 12 Artplakata plakata je u Hang Loose, u utorak 18.08. u 19 sati. Izlo\u017eba je otvorena do ponedjeljka 24.08. Artplakata je brend nastao prije par godina iz ljubavi prema umjetnosti, fotografiji te svemu lijepom \u0161to nas svakodnevno okru\u017euje, a \u010dega ponekad mo\u017eda nismo niti svjesni.<br \/>\nU svakom kutku Zagreba, Zadra, Splita, Dubrovnika ili Vinkovaca, mo\u017ee se prona\u0107i dio arhitekture, krajolika ili samo isje\u010dak koji nam mo\u017ee zaokupiti pa\u017enju i ma\u0161tu te stvoriti sliku koju \u0107emo pamtiti do kraja \u017eivota&#8230;.Na\u0161 prijatelj Marko Babi\u0107. Vje\u010diti optimist, filantrop i kreativac. <\/p>\n<\/div><\/div>\n\n<style scope=\"scope\">\n\n#row-1430805525 > .col > .col-inner {\n  padding: 30px;\n}\n<\/style>\n<\/div>\n","protected":false},"excerpt":{"rendered":"<p>Raspored 2020 OFF\/ Izlo\u017eba plakata \u201eARTPLAKATA\u201c 18.08. (utorak) u 19:00 sati \u2013 otvorenje izlo\u017ebe@Hang Loose &nbsp;<\/p>\n","protected":false},"author":1,"featured_media":11,"parent":0,"menu_order":14,"comment_status":"closed","ping_status":"closed","template":"page-blank-title-center.php","meta":{"_monsterinsights_skip_tracking":false,"_monsterinsights_sitenote_active":false,"_monsterinsights_sitenote_note":"","_monsterinsights_sitenote_category":0,"_links_to":"","_links_to_target":""},"aioseo_notices":[],"_links":{"self":[{"href":"https:\/\/filmfestivaldorf.com\/hr\/wp-json\/wp\/v2\/pages\/1289"}],"collection":[{"href":"https:\/\/filmfestivaldorf.com\/hr\/wp-json\/wp\/v2\/pages"}],"about":[{"href":"https:\/\/filmfestivaldorf.com\/hr\/wp-json\/wp\/v2\/types\/page"}],"author":[{"embeddable":true,"href":"https:\/\/filmfestivaldorf.com\/hr\/wp-json\/wp\/v2\/users\/1"}],"replies":[{"embeddable":true,"href":"https:\/\/filmfestivaldorf.com\/hr\/wp-json\/wp\/v2\/comments?post=1289"}],"version-history":[{"count":12,"href":"https:\/\/filmfestivaldorf.com\/hr\/wp-json\/wp\/v2\/pages\/1289\/revisions"}],"predecessor-version":[{"id":1548,"href":"https:\/\/filmfestivaldorf.com\/hr\/wp-json\/wp\/v2\/pages\/1289\/revisions\/1548"}],"wp:featuredmedia":[{"embeddable":true,"href":"https:\/\/filmfestivaldorf.com\/hr\/wp-json\/wp\/v2\/media\/11"}],"wp:attachment":[{"href":"https:\/\/filmfestivaldorf.com\/hr\/wp-json\/wp\/v2\/media?parent=1289"}],"curies":[{"name":"wp","href":"https:\/\/api.w.org\/{rel}","templated":true}]}}