{"id":1345,"date":"2020-07-26T16:22:42","date_gmt":"2020-07-26T16:22:42","guid":{"rendered":"https:\/\/filmfestivaldorf.com\/hr\/?page_id=1345"},"modified":"2020-08-04T05:45:11","modified_gmt":"2020-08-04T05:45:11","slug":"2020dorf-off-promocija-knjige-enciklopedija-hrvatskog-milenijskog-rocka","status":"publish","type":"page","link":"https:\/\/filmfestivaldorf.com\/hr\/2020dorf-off-promocija-knjige-enciklopedija-hrvatskog-milenijskog-rocka\/","title":{"rendered":"2020DORF &#8211; OFF\/Promocija knjige \u201eEnciklopedija hrvatskog milenijskog rocka\u201c"},"content":{"rendered":"<h3><span style=\"text-decoration: underline;\"><a href=\"https:\/\/filmfestivaldorf.com\/hr\/raspored-dorf-2020\/\">Raspored 2020<\/a><\/span><\/h3>\n<h3 class=\"uppercase\"><strong><span style=\"color: #282828; background-color: #c0c0c0;\">OFF<\/span>\/ Promocija knjige \u201eEnciklopedija hrvatskog milenijskog rocka\u201c <\/strong><\/h3>\n<p class=\"lead\">20.08. (\u010detvrtak) u 18:00 sati @Hang Loose<\/p>\n<p>&nbsp;<\/p>\n<div class=\"row row-dashed\"  id=\"row-1740367428\">\n<div class=\"col medium-12 small-12 large-12\"  ><div class=\"col-inner\"  >\n<img loading=\"lazy\" class=\"alignnone size-full wp-image-1352\" src=\"https:\/\/filmfestivaldorf.com\/hr\/wp-content\/uploads\/2020\/07\/enciklopedija.jpg\" alt=\"\" width=\"335\" height=\"500\" srcset=\"https:\/\/filmfestivaldorf.com\/hr\/wp-content\/uploads\/2020\/07\/enciklopedija.jpg 335w, https:\/\/filmfestivaldorf.com\/hr\/wp-content\/uploads\/2020\/07\/enciklopedija-268x400.jpg 268w\" sizes=\"(max-width: 335px) 100vw, 335px\" \/><\/p>\n<\/div><\/div>\n<div class=\"col medium-12 small-12 large-12\"  ><div class=\"col-inner\"  >\n<h3>Enciklopedija hrvatskog milenijskog rocka<\/h3>\n<p>U suradnji sa specijaliziranom knji\u017earom <strong>Rockmark<\/strong>, predstavljamo <strong>\u201eEnciklopediju hrvatskog milenijskog rocka\u201c<\/strong> autorskog dvojca Zoran Tu\u010dkar i Stjepan Vre\u010dko. S njima \u0107e razgovarati legendarni osje\u010dki bloger Mirsad Mujkanovi\u0107 Had\u017eo, a sve u dru\u0161tvu Kre\u0161imira Bla\u017eevi\u0107a, vlasnika knji\u017eare.<\/p>\n<p>Gosti festivala mo\u0107i \u0107e se zabaviti uz POP UP <strong>kviz karte<\/strong>, koje nam \u0161alje Rockmark. Zaigrajte i zabavite se, odli\u010dna fora testiranje znanja igra\u010da na podru\u010dju glazbe i pop kulture.. U \u0161pilu se nalaze 42 karte sa 114 pitanja koja variraju od op\u0107epoznatih informacija do trivije poznate samo pravim znalcima.<\/p>\n<\/div><\/div>\n\n<style scope=\"scope\">\n\n#row-1740367428 > .col > .col-inner {\n  padding: 30px;\n}\n<\/style>\n<\/div>\n","protected":false},"excerpt":{"rendered":"<p>Raspored 2020 OFF\/ Promocija knjige \u201eEnciklopedija hrvatskog milenijskog rocka\u201c 20.08. (\u010detvrtak) u 18:00 sati @Hang Loose &nbsp;<\/p>\n","protected":false},"author":1,"featured_media":11,"parent":0,"menu_order":14,"comment_status":"closed","ping_status":"closed","template":"page-blank-title-center.php","meta":{"_monsterinsights_skip_tracking":false,"_monsterinsights_sitenote_active":false,"_monsterinsights_sitenote_note":"","_monsterinsights_sitenote_category":0,"_links_to":"","_links_to_target":""},"aioseo_notices":[],"_links":{"self":[{"href":"https:\/\/filmfestivaldorf.com\/hr\/wp-json\/wp\/v2\/pages\/1345"}],"collection":[{"href":"https:\/\/filmfestivaldorf.com\/hr\/wp-json\/wp\/v2\/pages"}],"about":[{"href":"https:\/\/filmfestivaldorf.com\/hr\/wp-json\/wp\/v2\/types\/page"}],"author":[{"embeddable":true,"href":"https:\/\/filmfestivaldorf.com\/hr\/wp-json\/wp\/v2\/users\/1"}],"replies":[{"embeddable":true,"href":"https:\/\/filmfestivaldorf.com\/hr\/wp-json\/wp\/v2\/comments?post=1345"}],"version-history":[{"count":14,"href":"https:\/\/filmfestivaldorf.com\/hr\/wp-json\/wp\/v2\/pages\/1345\/revisions"}],"predecessor-version":[{"id":1553,"href":"https:\/\/filmfestivaldorf.com\/hr\/wp-json\/wp\/v2\/pages\/1345\/revisions\/1553"}],"wp:featuredmedia":[{"embeddable":true,"href":"https:\/\/filmfestivaldorf.com\/hr\/wp-json\/wp\/v2\/media\/11"}],"wp:attachment":[{"href":"https:\/\/filmfestivaldorf.com\/hr\/wp-json\/wp\/v2\/media?parent=1345"}],"curies":[{"name":"wp","href":"https:\/\/api.w.org\/{rel}","templated":true}]}}