{"id":1363,"date":"2020-07-26T16:48:13","date_gmt":"2020-07-26T16:48:13","guid":{"rendered":"https:\/\/filmfestivaldorf.com\/hr\/?page_id=1363"},"modified":"2020-08-04T05:44:29","modified_gmt":"2020-08-04T05:44:29","slug":"2020dorf-off-slusaonicahang-loose","status":"publish","type":"page","link":"https:\/\/filmfestivaldorf.com\/hr\/2020dorf-off-slusaonicahang-loose\/","title":{"rendered":"2020DORF &#8211; OFF\/ Slu\u0161aonica@Hang Loose"},"content":{"rendered":"<h3><span style=\"text-decoration: underline;\"><a href=\"https:\/\/filmfestivaldorf.com\/hr\/raspored-dorf-2020\/\">Raspored 2020<\/a><\/span><\/h3>\n<h3 class=\"uppercase\"><strong><span style=\"color: #282828; background-color: #c0c0c0;\">OFF<\/span>\/ Slu\u0161aonica@Hang Loose<\/strong><\/h3>\n<p>&nbsp;<\/p>\n<div class=\"row row-dashed\"  id=\"row-1593242388\">\n<div class=\"col medium-12 small-12 large-12\"  ><div class=\"col-inner\"  >\n<img loading=\"lazy\" src=\"https:\/\/filmfestivaldorf.com\/hr\/wp-content\/uploads\/2020\/07\/grace1.jpg\" alt=\"\" width=\"600\" height=\"900\" class=\"alignnone size-full wp-image-1369\" srcset=\"https:\/\/filmfestivaldorf.com\/hr\/wp-content\/uploads\/2020\/07\/grace1.jpg 600w, https:\/\/filmfestivaldorf.com\/hr\/wp-content\/uploads\/2020\/07\/grace1-267x400.jpg 267w, https:\/\/filmfestivaldorf.com\/hr\/wp-content\/uploads\/2020\/07\/grace1-533x800.jpg 533w\" sizes=\"(max-width: 600px) 100vw, 600px\" \/><\/p>\n<\/div><\/div>\n<div class=\"col medium-12 small-12 large-12\"  ><div class=\"col-inner\"  >\n<h3>Grace Jones<\/h3>\n<p>Svake DORF ve\u010deri nakon projekcija dru\u017eimo se u Hang Loose. Slu\u0161amo glazbu i nastavljamo tematski, u istom filmu. Za Grace Jones ve\u010der pozivamo vas da do\u0111ete u najboljoj Grace Jones ekscentri\u010dnoj odje\u0107i&#8230;<\/p>\n<\/div><\/div>\n\n<style scope=\"scope\">\n\n#row-1593242388 > .col > .col-inner {\n  padding: 30px;\n}\n<\/style>\n<\/div>\n","protected":false},"excerpt":{"rendered":"<p>Raspored 2020 OFF\/ Slu\u0161aonica@Hang Loose &nbsp;<\/p>\n","protected":false},"author":1,"featured_media":11,"parent":0,"menu_order":14,"comment_status":"closed","ping_status":"closed","template":"page-blank-title-center.php","meta":{"_monsterinsights_skip_tracking":false,"_monsterinsights_sitenote_active":false,"_monsterinsights_sitenote_note":"","_monsterinsights_sitenote_category":0,"_links_to":"","_links_to_target":""},"aioseo_notices":[],"_links":{"self":[{"href":"https:\/\/filmfestivaldorf.com\/hr\/wp-json\/wp\/v2\/pages\/1363"}],"collection":[{"href":"https:\/\/filmfestivaldorf.com\/hr\/wp-json\/wp\/v2\/pages"}],"about":[{"href":"https:\/\/filmfestivaldorf.com\/hr\/wp-json\/wp\/v2\/types\/page"}],"author":[{"embeddable":true,"href":"https:\/\/filmfestivaldorf.com\/hr\/wp-json\/wp\/v2\/users\/1"}],"replies":[{"embeddable":true,"href":"https:\/\/filmfestivaldorf.com\/hr\/wp-json\/wp\/v2\/comments?post=1363"}],"version-history":[{"count":7,"href":"https:\/\/filmfestivaldorf.com\/hr\/wp-json\/wp\/v2\/pages\/1363\/revisions"}],"predecessor-version":[{"id":1555,"href":"https:\/\/filmfestivaldorf.com\/hr\/wp-json\/wp\/v2\/pages\/1363\/revisions\/1555"}],"wp:featuredmedia":[{"embeddable":true,"href":"https:\/\/filmfestivaldorf.com\/hr\/wp-json\/wp\/v2\/media\/11"}],"wp:attachment":[{"href":"https:\/\/filmfestivaldorf.com\/hr\/wp-json\/wp\/v2\/media?parent=1363"}],"curies":[{"name":"wp","href":"https:\/\/api.w.org\/{rel}","templated":true}]}}