{"id":1372,"date":"2020-07-26T17:05:33","date_gmt":"2020-07-26T17:05:33","guid":{"rendered":"https:\/\/filmfestivaldorf.com\/hr\/?page_id=1372"},"modified":"2020-08-04T05:44:54","modified_gmt":"2020-08-04T05:44:54","slug":"2020dorf-off-vintage-hi-fi-buvljak","status":"publish","type":"page","link":"https:\/\/filmfestivaldorf.com\/hr\/2020dorf-off-vintage-hi-fi-buvljak\/","title":{"rendered":"2020DORF &#8211; OFF\/ Vintage HI-FI Buvljak"},"content":{"rendered":"<h3><span style=\"text-decoration: underline;\"><a href=\"https:\/\/filmfestivaldorf.com\/hr\/raspored-dorf-2020\/\">Raspored 2020<\/a><\/span><\/h3>\n<h3 class=\"uppercase\"><strong><span style=\"color: #282828; background-color: #c0c0c0;\">OFF<\/span>\/ Vintage sajam rabljene HI-FI opreme <\/strong><\/h3>\n<p class=\"lead\">22.08. (subota)@Hang Loose<\/p>\n<p>&nbsp;<\/p>\n<div class=\"row row-dashed\"  id=\"row-1806812411\">\n<div class=\"col medium-12 small-12 large-12\"  ><div class=\"col-inner\"  >\n<p><img loading=\"lazy\" class=\"alignnone size-full wp-image-1376\" src=\"https:\/\/filmfestivaldorf.com\/hr\/wp-content\/uploads\/2020\/07\/hi-fi.jpg\" alt=\"\" width=\"600\" height=\"750\" srcset=\"https:\/\/filmfestivaldorf.com\/hr\/wp-content\/uploads\/2020\/07\/hi-fi.jpg 600w, https:\/\/filmfestivaldorf.com\/hr\/wp-content\/uploads\/2020\/07\/hi-fi-320x400.jpg 320w\" sizes=\"(max-width: 600px) 100vw, 600px\" \/><\/p>\n<\/div><\/div>\n<div class=\"col medium-12 small-12 large-12\"  ><div class=\"col-inner\"  >\n<p>Zaljubljenici u pravi HI FI zvuk uvijek \u0107e dati prednost nekom vintage decku ili poja\u010dalu. Osim opreme, svoje primjerke stripova, LP plo\u010da i knjiga u Hang Loose donijet \u0107e izlaga\u010di iz cijele Slavonije. Sajam traje tijekom dana, pro\u0161etajte i pogledajte \u2013 sigurno \u0107e vam biti drago \u0161to ste nai\u0161li\u2026<\/p>\n<p>Dizajn ovogodi\u0161njeg DORF festivala djelo je <strong>Martina Peranovi\u0107a<\/strong>, mladog autora iz Otoka. Plakat je napravio studio <strong>Artplakata<\/strong> iz Zagreba, cool brand iza kojeg stoji Marko Babi\u0107 i \u010dije plakate mo\u017eete vidjeti tijekom festivala u dvori\u0161tu Hang Loose.<\/p>\n<p>Za unikatne nagrade laureatima na ovogodi\u0161njem festivalu ve\u0107 \u010detvrtu godinu zadu\u017een je genijalni splitski kipar&amp;strip autor <strong>Miro \u017dupa<\/strong>.<\/p>\n<p>O najboljem DORF 2020 filmu u regionalnoj konkurenciji odlu\u010dit \u0107e <strong>Tina \u0160imurina<\/strong> (novinarka i autorica pro\u0161logodi\u0161njeg pobjedni\u010dkog DORF filma \u201ePutnici\u201c, predsjednica \u017eirija), <strong>Leon Rizmaul<\/strong> (povjesni\u010dar i autor dokumentarnih filmova) te <strong>Vladimir \u0160agadin<\/strong> (novinar, scenarist i izdava\u010d stripova).<\/p>\n<\/div><\/div>\n<div class=\"col medium-12 small-12 large-12\"  ><div class=\"col-inner\"  >\n<p>Nagradu za \u017eivotno djelo DORF ove godine dodjeljuje <strong>\u017delimiru Babogredcu<\/strong>. Glazbenik, manager, nagra\u0111ivani producent, sa iznimno uspje\u0161nom diskografskom karijerom,\u00a0 uz to i veliki kolekcionar vinila i vlasnik impresivne zbirke Beatles memorabilije. Da skratimo: za\u010dinjavac, pokreta\u010d i najzaslu\u017eniji za pojavu rock&#8217;n&#8217;rolla u na\u0161em gradu koji sigurno ne bi imao takvu glazbenu povijest da nije bilo \u017delimira, \u017delimir Babogredac je apsolutno zaslu\u017eio primiti ovu nagradu upravo u Vinkovcima. Festival DORF mu se ovom nagradom skromno zahvaljuje u ime brojnih vinkova\u010dkih glazbenika i zaljubljenika u glazbu.<\/p>\n<p>&nbsp;<\/p>\n<\/div><\/div>\n<div class=\"col medium-12 small-12 large-12\"  ><div class=\"col-inner\"  >\n<p><img loading=\"lazy\" class=\"alignnone size-full wp-image-1381\" src=\"https:\/\/filmfestivaldorf.com\/hr\/wp-content\/uploads\/2020\/07\/babogredac1.jpg\" alt=\"\" width=\"600\" height=\"871\" srcset=\"https:\/\/filmfestivaldorf.com\/hr\/wp-content\/uploads\/2020\/07\/babogredac1.jpg 600w, https:\/\/filmfestivaldorf.com\/hr\/wp-content\/uploads\/2020\/07\/babogredac1-276x400.jpg 276w, https:\/\/filmfestivaldorf.com\/hr\/wp-content\/uploads\/2020\/07\/babogredac1-551x800.jpg 551w\" sizes=\"(max-width: 600px) 100vw, 600px\" \/><br \/>\n<\/div><\/div>\n<div class=\"col medium-12 small-12 large-12\"  ><div class=\"col-inner\"  >\n<img loading=\"lazy\" class=\"alignnone size-full wp-image-1383\" src=\"https:\/\/filmfestivaldorf.com\/hr\/wp-content\/uploads\/2020\/07\/Igor-Hofbauer-1.jpg\" alt=\"\" width=\"800\" height=\"600\" srcset=\"https:\/\/filmfestivaldorf.com\/hr\/wp-content\/uploads\/2020\/07\/Igor-Hofbauer-1.jpg 800w, https:\/\/filmfestivaldorf.com\/hr\/wp-content\/uploads\/2020\/07\/Igor-Hofbauer-1-533x400.jpg 533w, https:\/\/filmfestivaldorf.com\/hr\/wp-content\/uploads\/2020\/07\/Igor-Hofbauer-1-768x576.jpg 768w\" sizes=\"(max-width: 800px) 100vw, 800px\" \/><br \/>\n<\/div><\/div>\n<div class=\"col medium-12 small-12 large-12\"  ><div class=\"col-inner\"  >\n<p>Posebno DORF priznanje za doprinos undergroundu ove godine primit \u0107e <strong>Igor Hofbauer<\/strong>. Igor \u00a0je jedan od najautenti\u010dnijih i najplodonosnihih hrvatskih ilustratora posljednja 2 desetlje\u0107a. Strip-crta\u010d i ilustrator, \u0161irokoj je publici najpoznatiji po brojnim plakatima (vi\u0161e od 100), omotima albuma (vi\u0161e desetaka) i programskim knji\u017eicama koje je ilustrirao za\u00a0klub Mo\u010dvara. Mi smo na DORF 2009. godine prikazali sav rasko\u0161 Hofove imaginacije genijalnim izlo\u017ebama na 2 lokacije, predstavili se zajedno u Skopju i Be\u010du, a napokon smo 2015. dobili i DORF plakat u njegovoj izvedbi. Ovom nagradom jo\u0161 jednom zahvaljujemo za sve fantasti\u010dne vizuale i radujemo se nekim novim iznena\u0111enjima.<\/p>\n<\/div><\/div>\n<div class=\"col medium-12 small-12 large-12\"  ><div class=\"col-inner\"  >\n<h3>@Hang Loose<\/h3>\n\t<div id=\"gap-1886266452\" class=\"gap-element clearfix\" style=\"display:block; height:auto;\">\n\t\t\n<style scope=\"scope\">\n\n#gap-1886266452 {\n  padding-top: 30px;\n}\n<\/style>\n\t<\/div>\n\t\n<img loading=\"lazy\" src=\"https:\/\/filmfestivaldorf.com\/hr\/wp-content\/uploads\/2020\/07\/hang.jpg\" alt=\"\" width=\"1200\" height=\"800\" class=\"alignnone size-full wp-image-1385\" srcset=\"https:\/\/filmfestivaldorf.com\/hr\/wp-content\/uploads\/2020\/07\/hang.jpg 1200w, https:\/\/filmfestivaldorf.com\/hr\/wp-content\/uploads\/2020\/07\/hang-600x400.jpg 600w, https:\/\/filmfestivaldorf.com\/hr\/wp-content\/uploads\/2020\/07\/hang-768x512.jpg 768w\" sizes=\"(max-width: 1200px) 100vw, 1200px\" \/><br \/>\n<\/div><\/div>\n\n<style scope=\"scope\">\n\n#row-1806812411 > .col > .col-inner {\n  padding: 30px;\n}\n<\/style>\n<\/div>\n","protected":false},"excerpt":{"rendered":"<p>Raspored 2020 OFF\/ Vintage sajam rabljene HI-FI opreme 22.08. (subota)@Hang Loose &nbsp;<\/p>\n","protected":false},"author":1,"featured_media":11,"parent":0,"menu_order":14,"comment_status":"closed","ping_status":"closed","template":"page-blank-title-center.php","meta":{"_monsterinsights_skip_tracking":false,"_monsterinsights_sitenote_active":false,"_monsterinsights_sitenote_note":"","_monsterinsights_sitenote_category":0,"_links_to":"","_links_to_target":""},"aioseo_notices":[],"_links":{"self":[{"href":"https:\/\/filmfestivaldorf.com\/hr\/wp-json\/wp\/v2\/pages\/1372"}],"collection":[{"href":"https:\/\/filmfestivaldorf.com\/hr\/wp-json\/wp\/v2\/pages"}],"about":[{"href":"https:\/\/filmfestivaldorf.com\/hr\/wp-json\/wp\/v2\/types\/page"}],"author":[{"embeddable":true,"href":"https:\/\/filmfestivaldorf.com\/hr\/wp-json\/wp\/v2\/users\/1"}],"replies":[{"embeddable":true,"href":"https:\/\/filmfestivaldorf.com\/hr\/wp-json\/wp\/v2\/comments?post=1372"}],"version-history":[{"count":11,"href":"https:\/\/filmfestivaldorf.com\/hr\/wp-json\/wp\/v2\/pages\/1372\/revisions"}],"predecessor-version":[{"id":1556,"href":"https:\/\/filmfestivaldorf.com\/hr\/wp-json\/wp\/v2\/pages\/1372\/revisions\/1556"}],"wp:featuredmedia":[{"embeddable":true,"href":"https:\/\/filmfestivaldorf.com\/hr\/wp-json\/wp\/v2\/media\/11"}],"wp:attachment":[{"href":"https:\/\/filmfestivaldorf.com\/hr\/wp-json\/wp\/v2\/media?parent=1372"}],"curies":[{"name":"wp","href":"https:\/\/api.w.org\/{rel}","templated":true}]}}