{"id":1409,"date":"2020-07-26T18:28:14","date_gmt":"2020-07-26T18:28:14","guid":{"rendered":"https:\/\/filmfestivaldorf.com\/hr\/?page_id=1409"},"modified":"2020-08-11T16:55:41","modified_gmt":"2020-08-11T16:55:41","slug":"2020dorf-posljednji-bunar","status":"publish","type":"page","link":"https:\/\/filmfestivaldorf.com\/hr\/2020dorf-posljednji-bunar\/","title":{"rendered":"Posljednji bunar"},"content":{"rendered":"<h3><span style=\"text-decoration: underline;\"><a href=\"https:\/\/filmfestivaldorf.com\/hr\/raspored-dorf-2020\/\">Raspored 2020<\/a><\/span><\/h3>\n<h3 class=\"uppercase\"><strong><span style=\"color: #282828; background-color: #c0c0c0;\">AVF<\/span>\/ \u201ePosljednji bunar&#8221; <\/strong><\/h3>\n<p class=\"lead\">(Hrvatska, Antitalent produkcija, 2017)<\/p>\n<p>re\u017eija:Filip Filkovi\u0107, 19&#8242;<\/p>\n<p>&nbsp;<\/p>\n<div class=\"row row-dashed\"  id=\"row-30381419\">\n<div class=\"col medium-12 small-12 large-12\"  ><div class=\"col-inner\"  >\n<p><img loading=\"lazy\" class=\"alignnone size-full wp-image-1412\" src=\"https:\/\/filmfestivaldorf.com\/hr\/wp-content\/uploads\/2020\/07\/posljednji-bunar.jpg\" alt=\"\" width=\"900\" height=\"1283\" srcset=\"https:\/\/filmfestivaldorf.com\/hr\/wp-content\/uploads\/2020\/07\/posljednji-bunar.jpg 900w, https:\/\/filmfestivaldorf.com\/hr\/wp-content\/uploads\/2020\/07\/posljednji-bunar-281x400.jpg 281w, https:\/\/filmfestivaldorf.com\/hr\/wp-content\/uploads\/2020\/07\/posljednji-bunar-561x800.jpg 561w, https:\/\/filmfestivaldorf.com\/hr\/wp-content\/uploads\/2020\/07\/posljednji-bunar-768x1095.jpg 768w\" sizes=\"(max-width: 900px) 100vw, 900px\" \/><\/p>\n<\/div><\/div>\n<div class=\"col medium-12 small-12 large-12\"  ><div class=\"col-inner\"  >\n<p>Godina je 2037. Europa je u stanju potpunog raspada. Vlasnik posljednjeg bunara s pitkom vodom \u017eivi u Hrvatskoj. Nakon \u0161to prodaja vode simpati\u010dnoj obitelji po\u0111e po zlu i zavr\u0161i u krvoproli\u0107u, on postaje zamjenski otac i suprug. Ali kada bunar presu\u0161i, primoran je odraditi jo\u0161 jednu, posljednju \u201etrgovinu&#8221;. Supernagra\u0111ivani kratki film, za glumu, scenarij i efekte sigurno \u0107e vas ostaviti bez daha. Autor je gost festivala.<\/p>\n<\/div><\/div>\n\n<style scope=\"scope\">\n\n#row-30381419 > .col > .col-inner {\n  padding: 30px;\n}\n<\/style>\n<\/div>\n","protected":false},"excerpt":{"rendered":"<p>Raspored 2020 AVF\/ \u201ePosljednji bunar&#8221; (Hrvatska, Antitalent produkcija, 2017) re\u017eija:Filip Filkovi\u0107, 19&#8242; &nbsp;<\/p>\n","protected":false},"author":1,"featured_media":11,"parent":0,"menu_order":14,"comment_status":"closed","ping_status":"closed","template":"page-blank-title-center.php","meta":{"_monsterinsights_skip_tracking":false,"_monsterinsights_sitenote_active":false,"_monsterinsights_sitenote_note":"","_monsterinsights_sitenote_category":0,"_links_to":"","_links_to_target":""},"aioseo_notices":[],"_links":{"self":[{"href":"https:\/\/filmfestivaldorf.com\/hr\/wp-json\/wp\/v2\/pages\/1409"}],"collection":[{"href":"https:\/\/filmfestivaldorf.com\/hr\/wp-json\/wp\/v2\/pages"}],"about":[{"href":"https:\/\/filmfestivaldorf.com\/hr\/wp-json\/wp\/v2\/types\/page"}],"author":[{"embeddable":true,"href":"https:\/\/filmfestivaldorf.com\/hr\/wp-json\/wp\/v2\/users\/1"}],"replies":[{"embeddable":true,"href":"https:\/\/filmfestivaldorf.com\/hr\/wp-json\/wp\/v2\/comments?post=1409"}],"version-history":[{"count":6,"href":"https:\/\/filmfestivaldorf.com\/hr\/wp-json\/wp\/v2\/pages\/1409\/revisions"}],"predecessor-version":[{"id":1584,"href":"https:\/\/filmfestivaldorf.com\/hr\/wp-json\/wp\/v2\/pages\/1409\/revisions\/1584"}],"wp:featuredmedia":[{"embeddable":true,"href":"https:\/\/filmfestivaldorf.com\/hr\/wp-json\/wp\/v2\/media\/11"}],"wp:attachment":[{"href":"https:\/\/filmfestivaldorf.com\/hr\/wp-json\/wp\/v2\/media?parent=1409"}],"curies":[{"name":"wp","href":"https:\/\/api.w.org\/{rel}","templated":true}]}}