{"id":1415,"date":"2020-07-26T18:35:05","date_gmt":"2020-07-26T18:35:05","guid":{"rendered":"https:\/\/filmfestivaldorf.com\/hr\/?page_id=1415"},"modified":"2020-08-11T16:56:00","modified_gmt":"2020-08-11T16:56:00","slug":"2020dorf-tko-bi-rekao-fantazije-umrezenog-svijeta","status":"publish","type":"page","link":"https:\/\/filmfestivaldorf.com\/hr\/2020dorf-tko-bi-rekao-fantazije-umrezenog-svijeta\/","title":{"rendered":"Tko bi rekao: Fantazije umre\u017eenog svijeta"},"content":{"rendered":"<h3><span style=\"text-decoration: underline;\"><a href=\"https:\/\/filmfestivaldorf.com\/hr\/raspored-dorf-2020\/\">Raspored 2020<\/a><\/span><\/h3>\n<h3 class=\"uppercase\"><strong><span style=\"color: #282828; background-color: #c0c0c0;\">AVF<\/span>\/ \u201eTko bi rekao: Fantazije umre\u017eenog svijeta&#8221; <\/strong><\/h3>\n<p class=\"lead\">(SAD, Lo and behold reveries of the connected world, distribucija Restart Label, 2016)<\/p>\n<p>re\u017eija: Werner Herzog, 98&#8242;<\/p>\n<p>&nbsp;<\/p>\n<div class=\"row row-dashed\"  id=\"row-1454176899\">\n<div class=\"col medium-12 small-12 large-12\"  ><div class=\"col-inner\"  >\n<p><img loading=\"lazy\" class=\"alignnone size-full wp-image-1418\" src=\"https:\/\/filmfestivaldorf.com\/hr\/wp-content\/uploads\/2020\/07\/lo-behold.jpg\" alt=\"\" width=\"900\" height=\"1275\" srcset=\"https:\/\/filmfestivaldorf.com\/hr\/wp-content\/uploads\/2020\/07\/lo-behold.jpg 900w, https:\/\/filmfestivaldorf.com\/hr\/wp-content\/uploads\/2020\/07\/lo-behold-282x400.jpg 282w, https:\/\/filmfestivaldorf.com\/hr\/wp-content\/uploads\/2020\/07\/lo-behold-565x800.jpg 565w, https:\/\/filmfestivaldorf.com\/hr\/wp-content\/uploads\/2020\/07\/lo-behold-768x1088.jpg 768w\" sizes=\"(max-width: 900px) 100vw, 900px\" \/><\/p>\n<\/div><\/div>\n<div class=\"col medium-12 small-12 large-12\"  ><div class=\"col-inner\"  >\n<p>U filmu Tko bi rekao: Fantazije umre\u017eenog svijeta, za Oscara nominirani dokumentarist Werner Herzog (Grizzly Man, Cave of Forgotten Dreams) prikazuje virtualni svijet od njegovih po\u010detaka do krajnjih dosega, a digitalni krajolik istra\u017euje jednako znati\u017eeljno i ma\u0161tovito kao \u0161to je do\u010darao raznolike zemaljske destinacije, od Amazone do Sahare, od Ju\u017enog pola do australskih divljina. Herzog gledatelja vodi na putovanje kroz niz provokativnih razgovora koji otkrivaju kako je svijet interneta promijenio doslovno cjelokupno funkcioniranje stvarnog svijeta \u2013 od poslovanja do obrazovanja, od putovanja u svemir do zdravstva, kao i samu sr\u017e na\u0161ih privatnih odnosa<\/p>\n<\/div><\/div>\n\n<style scope=\"scope\">\n\n#row-1454176899 > .col > .col-inner {\n  padding: 30px;\n}\n<\/style>\n<\/div>\n","protected":false},"excerpt":{"rendered":"<p>Raspored 2020 AVF\/ \u201eTko bi rekao: Fantazije umre\u017eenog svijeta&#8221; (SAD, Lo and behold reveries of the connected world, distribucija Restart Label, 2016) re\u017eija: Werner Herzog, 98&#8242; &nbsp;<\/p>\n","protected":false},"author":1,"featured_media":11,"parent":0,"menu_order":14,"comment_status":"closed","ping_status":"closed","template":"page-blank-title-center.php","meta":{"_monsterinsights_skip_tracking":false,"_monsterinsights_sitenote_active":false,"_monsterinsights_sitenote_note":"","_monsterinsights_sitenote_category":0,"_links_to":"","_links_to_target":""},"aioseo_notices":[],"_links":{"self":[{"href":"https:\/\/filmfestivaldorf.com\/hr\/wp-json\/wp\/v2\/pages\/1415"}],"collection":[{"href":"https:\/\/filmfestivaldorf.com\/hr\/wp-json\/wp\/v2\/pages"}],"about":[{"href":"https:\/\/filmfestivaldorf.com\/hr\/wp-json\/wp\/v2\/types\/page"}],"author":[{"embeddable":true,"href":"https:\/\/filmfestivaldorf.com\/hr\/wp-json\/wp\/v2\/users\/1"}],"replies":[{"embeddable":true,"href":"https:\/\/filmfestivaldorf.com\/hr\/wp-json\/wp\/v2\/comments?post=1415"}],"version-history":[{"count":5,"href":"https:\/\/filmfestivaldorf.com\/hr\/wp-json\/wp\/v2\/pages\/1415\/revisions"}],"predecessor-version":[{"id":1585,"href":"https:\/\/filmfestivaldorf.com\/hr\/wp-json\/wp\/v2\/pages\/1415\/revisions\/1585"}],"wp:featuredmedia":[{"embeddable":true,"href":"https:\/\/filmfestivaldorf.com\/hr\/wp-json\/wp\/v2\/media\/11"}],"wp:attachment":[{"href":"https:\/\/filmfestivaldorf.com\/hr\/wp-json\/wp\/v2\/media?parent=1415"}],"curies":[{"name":"wp","href":"https:\/\/api.w.org\/{rel}","templated":true}]}}