{"id":1421,"date":"2020-07-26T18:39:39","date_gmt":"2020-07-26T18:39:39","guid":{"rendered":"https:\/\/filmfestivaldorf.com\/hr\/?page_id=1421"},"modified":"2020-08-12T07:02:39","modified_gmt":"2020-08-12T07:02:39","slug":"2020dorf-predavanje-gradski-muzej-vinkovci","status":"publish","type":"page","link":"https:\/\/filmfestivaldorf.com\/hr\/2020dorf-predavanje-gradski-muzej-vinkovci\/","title":{"rendered":"Predavanje Gradski muzej Vinkovci"},"content":{"rendered":"<h3><span style=\"text-decoration: underline;\"><a href=\"https:\/\/filmfestivaldorf.com\/hr\/raspored-dorf-2020\/\">Raspored 2020<\/a><\/span><\/h3>\n<h3 class=\"uppercase\"><strong><span style=\"color: #282828; background-color: #c0c0c0;\">AVF<\/span>\/ Predavanje Gradski muzej Vinkovci<\/strong><\/h3>\n<p class=\"lead\">19.8. (srijeda) @Lapidarij GMV u 20:00 sati<\/p>\n<p>&nbsp;<\/p>\n<div class=\"row row-dashed\"  id=\"row-1604495966\">\n<div class=\"col medium-12 small-12 large-12\"  ><div class=\"col-inner\"  >\n<p><img loading=\"lazy\" class=\"alignnone size-full wp-image-1429\" src=\"https:\/\/filmfestivaldorf.com\/hr\/wp-content\/uploads\/2020\/07\/Hrvoje-Vulic.jpg\" alt=\"\" width=\"900\" height=\"600\" srcset=\"https:\/\/filmfestivaldorf.com\/hr\/wp-content\/uploads\/2020\/07\/Hrvoje-Vulic.jpg 900w, https:\/\/filmfestivaldorf.com\/hr\/wp-content\/uploads\/2020\/07\/Hrvoje-Vulic-600x400.jpg 600w, https:\/\/filmfestivaldorf.com\/hr\/wp-content\/uploads\/2020\/07\/Hrvoje-Vulic-768x512.jpg 768w\" sizes=\"(max-width: 900px) 100vw, 900px\" \/><\/p>\n<\/div><\/div>\n<div class=\"col medium-12 small-12 large-12\"  ><div class=\"col-inner\"  >\n<p>Predavanje Gradski muzej Vinkovci, saznajte sve novosti od ravnatelja Hrvoja Vuli\u0107a<br \/>\nVe\u0107 tradicionalno predstavljanje novosti, uzbudljivo insajdersko izvje\u0161\u0107e sa neobjavljenim fotografijama i informacijama o arheolo\u0161kim otkri\u0107ima u Vinkovcima i okolici. Ponovo s nama je Hrvoje Vuli\u0107, ravnatelj&amp;prijatelj, koji \u0107e ispri\u010dati sve o GMV \u0161to ste oduvijek htjeli znati ali se niste usudili pitati.<\/p>\n<\/div><\/div>\n\n<style scope=\"scope\">\n\n#row-1604495966 > .col > .col-inner {\n  padding: 30px;\n}\n<\/style>\n<\/div>\n","protected":false},"excerpt":{"rendered":"<p>Raspored 2020 AVF\/ Predavanje Gradski muzej Vinkovci 19.8. (srijeda) @Lapidarij GMV u 20:00 sati &nbsp;<\/p>\n","protected":false},"author":1,"featured_media":11,"parent":0,"menu_order":14,"comment_status":"closed","ping_status":"closed","template":"page-blank-title-center.php","meta":{"_monsterinsights_skip_tracking":false,"_monsterinsights_sitenote_active":false,"_monsterinsights_sitenote_note":"","_monsterinsights_sitenote_category":0,"_links_to":"","_links_to_target":""},"aioseo_notices":[],"_links":{"self":[{"href":"https:\/\/filmfestivaldorf.com\/hr\/wp-json\/wp\/v2\/pages\/1421"}],"collection":[{"href":"https:\/\/filmfestivaldorf.com\/hr\/wp-json\/wp\/v2\/pages"}],"about":[{"href":"https:\/\/filmfestivaldorf.com\/hr\/wp-json\/wp\/v2\/types\/page"}],"author":[{"embeddable":true,"href":"https:\/\/filmfestivaldorf.com\/hr\/wp-json\/wp\/v2\/users\/1"}],"replies":[{"embeddable":true,"href":"https:\/\/filmfestivaldorf.com\/hr\/wp-json\/wp\/v2\/comments?post=1421"}],"version-history":[{"count":6,"href":"https:\/\/filmfestivaldorf.com\/hr\/wp-json\/wp\/v2\/pages\/1421\/revisions"}],"predecessor-version":[{"id":1586,"href":"https:\/\/filmfestivaldorf.com\/hr\/wp-json\/wp\/v2\/pages\/1421\/revisions\/1586"}],"wp:featuredmedia":[{"embeddable":true,"href":"https:\/\/filmfestivaldorf.com\/hr\/wp-json\/wp\/v2\/media\/11"}],"wp:attachment":[{"href":"https:\/\/filmfestivaldorf.com\/hr\/wp-json\/wp\/v2\/media?parent=1421"}],"curies":[{"name":"wp","href":"https:\/\/api.w.org\/{rel}","templated":true}]}}