{"id":1432,"date":"2020-07-26T19:20:13","date_gmt":"2020-07-26T19:20:13","guid":{"rendered":"https:\/\/filmfestivaldorf.com\/hr\/?page_id=1432"},"modified":"2020-08-11T16:55:03","modified_gmt":"2020-08-11T16:55:03","slug":"2020dorf-kviz-sa-moranom-zibar","status":"publish","type":"page","link":"https:\/\/filmfestivaldorf.com\/hr\/2020dorf-kviz-sa-moranom-zibar\/","title":{"rendered":"Kviz sa Moranom Zibar"},"content":{"rendered":"<h3><span style=\"text-decoration: underline;\"><a href=\"https:\/\/filmfestivaldorf.com\/hr\/raspored-dorf-2020\/\">Raspored 2020<\/a><\/span><\/h3>\n<h3 class=\"uppercase\"><strong><span style=\"color: #282828; background-color: #c0c0c0;\">AVF<\/span>\/ Kviz sa Moranom Zibar<\/strong><\/h3>\n<p class=\"lead\">19.8. (srijeda) @Lapidarij GMV u 20:30 sati<\/p>\n<p>&nbsp;<\/p>\n<div class=\"row row-dashed\"  id=\"row-257021930\">\n<div class=\"col medium-12 small-12 large-12\"  ><div class=\"col-inner\"  >\n<p><img loading=\"lazy\" class=\"alignnone size-full wp-image-1437\" src=\"https:\/\/filmfestivaldorf.com\/hr\/wp-content\/uploads\/2020\/07\/morana-zibar.jpg\" alt=\"\" width=\"600\" height=\"901\" srcset=\"https:\/\/filmfestivaldorf.com\/hr\/wp-content\/uploads\/2020\/07\/morana-zibar.jpg 600w, https:\/\/filmfestivaldorf.com\/hr\/wp-content\/uploads\/2020\/07\/morana-zibar-266x400.jpg 266w, https:\/\/filmfestivaldorf.com\/hr\/wp-content\/uploads\/2020\/07\/morana-zibar-533x800.jpg 533w\" sizes=\"(max-width: 600px) 100vw, 600px\" \/><\/p>\n<\/div><\/div>\n<div class=\"col medium-12 small-12 large-12\"  ><div class=\"col-inner\"  >\n<p><strong>Kviz sa Moranom Zibar, powered by Klasik TV<\/strong><br \/>\nNakon Marija Kova\u010da, u suradnji s dugogodi\u0161njim partnerom Klasik TV organiziramo ponovo zanimljiv glazbeno-filmski kviz, koji vodi Morana Zibar. Kao strastvena kvizoljupka, od 2013. godine \u0161iroj javnosti poznatija kao lovkinja u HRT-ovu kvizu \u201ePotjera\u201c.<\/p>\n<p>Profesorica engleskog I knji\u017eevnosti, od 2007. godine je freelancer i radi kao prevoditeljica, lektorica, copywriter, piskaralo op\u0107e prakse a uz to je dio kolektiva Taste of Croatia i bavi se istra\u017eivanjem I promicanjem hrvatske kulture i\u0107a i pi\u0107a.<\/p>\n<p>Nije se potrebno prijavljivati, broj \u010dlanova ekipe je 1-3 \u010dlana. Nagrade najboljima osigurava craft pivovara Valens i Klasik TV.<\/p>\n<\/div><\/div>\n\n<style scope=\"scope\">\n\n#row-257021930 > .col > .col-inner {\n  padding: 30px;\n}\n<\/style>\n<\/div>\n","protected":false},"excerpt":{"rendered":"<p>Raspored 2020 AVF\/ Kviz sa Moranom Zibar 19.8. (srijeda) @Lapidarij GMV u 20:30 sati &nbsp;<\/p>\n","protected":false},"author":1,"featured_media":11,"parent":0,"menu_order":14,"comment_status":"closed","ping_status":"closed","template":"page-blank-title-center.php","meta":{"_monsterinsights_skip_tracking":false,"_monsterinsights_sitenote_active":false,"_monsterinsights_sitenote_note":"","_monsterinsights_sitenote_category":0,"_links_to":"","_links_to_target":""},"aioseo_notices":[],"_links":{"self":[{"href":"https:\/\/filmfestivaldorf.com\/hr\/wp-json\/wp\/v2\/pages\/1432"}],"collection":[{"href":"https:\/\/filmfestivaldorf.com\/hr\/wp-json\/wp\/v2\/pages"}],"about":[{"href":"https:\/\/filmfestivaldorf.com\/hr\/wp-json\/wp\/v2\/types\/page"}],"author":[{"embeddable":true,"href":"https:\/\/filmfestivaldorf.com\/hr\/wp-json\/wp\/v2\/users\/1"}],"replies":[{"embeddable":true,"href":"https:\/\/filmfestivaldorf.com\/hr\/wp-json\/wp\/v2\/comments?post=1432"}],"version-history":[{"count":11,"href":"https:\/\/filmfestivaldorf.com\/hr\/wp-json\/wp\/v2\/pages\/1432\/revisions"}],"predecessor-version":[{"id":1582,"href":"https:\/\/filmfestivaldorf.com\/hr\/wp-json\/wp\/v2\/pages\/1432\/revisions\/1582"}],"wp:featuredmedia":[{"embeddable":true,"href":"https:\/\/filmfestivaldorf.com\/hr\/wp-json\/wp\/v2\/media\/11"}],"wp:attachment":[{"href":"https:\/\/filmfestivaldorf.com\/hr\/wp-json\/wp\/v2\/media?parent=1432"}],"curies":[{"name":"wp","href":"https:\/\/api.w.org\/{rel}","templated":true}]}}