{"id":1442,"date":"2020-07-26T19:32:15","date_gmt":"2020-07-26T19:32:15","guid":{"rendered":"https:\/\/filmfestivaldorf.com\/hr\/?page_id=1442"},"modified":"2020-08-11T16:54:45","modified_gmt":"2020-08-11T16:54:45","slug":"2020dorf-covjek-i-drvo","status":"publish","type":"page","link":"https:\/\/filmfestivaldorf.com\/hr\/2020dorf-covjek-i-drvo\/","title":{"rendered":"\u010covjek i drvo"},"content":{"rendered":"<h3><span style=\"text-decoration: underline;\"><a href=\"https:\/\/filmfestivaldorf.com\/hr\/raspored-dorf-2020\/\">Raspored 2020<\/a><\/span><\/h3>\n<h3 class=\"uppercase\"><strong><span style=\"color: #282828; background-color: #c0c0c0;\">AVF<\/span>\/ \u010covjek i drvo<\/strong><\/h3>\n<p class=\"lead\">(Hrvatska, Eureka video, 2019)<\/p>\n<p>re\u017eija Dalibor Platenik, 43&#8242;<\/p>\n<div class=\"row row-dashed\"  id=\"row-1665043825\">\n<div class=\"col medium-12 small-12 large-12\"  ><div class=\"col-inner\"  >\n<p><img loading=\"lazy\" class=\"alignnone size-full wp-image-1447\" src=\"https:\/\/filmfestivaldorf.com\/hr\/wp-content\/uploads\/2020\/07\/Remi-Award-2020-A-man-and-a-tree.jpg\" alt=\"\" width=\"1200\" height=\"675\" srcset=\"https:\/\/filmfestivaldorf.com\/hr\/wp-content\/uploads\/2020\/07\/Remi-Award-2020-A-man-and-a-tree.jpg 1200w, https:\/\/filmfestivaldorf.com\/hr\/wp-content\/uploads\/2020\/07\/Remi-Award-2020-A-man-and-a-tree-711x400.jpg 711w, https:\/\/filmfestivaldorf.com\/hr\/wp-content\/uploads\/2020\/07\/Remi-Award-2020-A-man-and-a-tree-768x432.jpg 768w\" sizes=\"(max-width: 1200px) 100vw, 1200px\" \/><\/p>\n<\/div><\/div>\n<div class=\"col medium-12 small-12 large-12\"  ><div class=\"col-inner\"  >\n<p>Vladimir Dimi\u0107 Joda \u017eivi u centru Zagreba, a dane provodi dru\u017ee\u0107i se s drve\u0107em. Prije vi\u0161e od 30 godina po\u010deo je anonimno saditi stabla i do sada ih je posadio vi\u0161e od 450. S njima razgovara, zalijeva ih i \u010duva, vra\u0107aju\u0107i tako svoj dug majci Zemlji. Sa zadovoljstvom predstavljamo sjajnog Jodu, ina\u010de ro\u0111enog u Vinkovcima, u koje \u010desto dolazi&#8230;Autor je gost festivala.<\/p>\n<\/div><\/div>\n\n<style scope=\"scope\">\n\n#row-1665043825 > .col > .col-inner {\n  padding: 30px;\n}\n<\/style>\n<\/div>\n","protected":false},"excerpt":{"rendered":"<p>Raspored 2020 AVF\/ \u010covjek i drvo (Hrvatska, Eureka video, 2019) re\u017eija Dalibor Platenik, 43&#8242;<\/p>\n","protected":false},"author":1,"featured_media":11,"parent":0,"menu_order":14,"comment_status":"closed","ping_status":"closed","template":"page-blank-title-center.php","meta":{"_monsterinsights_skip_tracking":false,"_monsterinsights_sitenote_active":false,"_monsterinsights_sitenote_note":"","_monsterinsights_sitenote_category":0,"_links_to":"","_links_to_target":""},"aioseo_notices":[],"_links":{"self":[{"href":"https:\/\/filmfestivaldorf.com\/hr\/wp-json\/wp\/v2\/pages\/1442"}],"collection":[{"href":"https:\/\/filmfestivaldorf.com\/hr\/wp-json\/wp\/v2\/pages"}],"about":[{"href":"https:\/\/filmfestivaldorf.com\/hr\/wp-json\/wp\/v2\/types\/page"}],"author":[{"embeddable":true,"href":"https:\/\/filmfestivaldorf.com\/hr\/wp-json\/wp\/v2\/users\/1"}],"replies":[{"embeddable":true,"href":"https:\/\/filmfestivaldorf.com\/hr\/wp-json\/wp\/v2\/comments?post=1442"}],"version-history":[{"count":7,"href":"https:\/\/filmfestivaldorf.com\/hr\/wp-json\/wp\/v2\/pages\/1442\/revisions"}],"predecessor-version":[{"id":1581,"href":"https:\/\/filmfestivaldorf.com\/hr\/wp-json\/wp\/v2\/pages\/1442\/revisions\/1581"}],"wp:featuredmedia":[{"embeddable":true,"href":"https:\/\/filmfestivaldorf.com\/hr\/wp-json\/wp\/v2\/media\/11"}],"wp:attachment":[{"href":"https:\/\/filmfestivaldorf.com\/hr\/wp-json\/wp\/v2\/media?parent=1442"}],"curies":[{"name":"wp","href":"https:\/\/api.w.org\/{rel}","templated":true}]}}