{"id":1462,"date":"2020-07-26T19:59:40","date_gmt":"2020-07-26T19:59:40","guid":{"rendered":"https:\/\/filmfestivaldorf.com\/hr\/?page_id=1462"},"modified":"2020-08-04T05:46:41","modified_gmt":"2020-08-04T05:46:41","slug":"2020dorf-sonnyboy-iz-stubicke-slatine","status":"publish","type":"page","link":"https:\/\/filmfestivaldorf.com\/hr\/2020dorf-sonnyboy-iz-stubicke-slatine\/","title":{"rendered":"2020DORF-Sonnyboy iz Stubi\u010dke Slatine"},"content":{"rendered":"<h3><span style=\"text-decoration: underline;\"><a href=\"https:\/\/filmfestivaldorf.com\/hr\/raspored-dorf-2020\/\">Raspored 2020<\/a><\/span><\/h3>\n<h3 class=\"uppercase\"><strong><span style=\"color: #282828; background-color: #c0c0c0;\">DORF<\/span>\/ \u201eSonnyboy iz Stubi\u010dke Slatine\u201c <\/strong><\/h3>\n<p class=\"lead\">(Hrvatska, HRT, 2019)<\/p>\n<p>re\u017eija: Aleksej Pavlovsky, 30&#8242;<\/p>\n<p>&nbsp;<\/p>\n<div class=\"row row-dashed\"  id=\"row-1989482129\">\n<div class=\"col medium-12 small-12 large-12\"  ><div class=\"col-inner\"  >\n<p><img loading=\"lazy\" class=\"alignnone size-full wp-image-1466\" src=\"https:\/\/filmfestivaldorf.com\/hr\/wp-content\/uploads\/2020\/07\/sonny.jpg\" alt=\"\" width=\"1200\" height=\"675\" srcset=\"https:\/\/filmfestivaldorf.com\/hr\/wp-content\/uploads\/2020\/07\/sonny.jpg 1200w, https:\/\/filmfestivaldorf.com\/hr\/wp-content\/uploads\/2020\/07\/sonny-711x400.jpg 711w, https:\/\/filmfestivaldorf.com\/hr\/wp-content\/uploads\/2020\/07\/sonny-768x432.jpg 768w\" sizes=\"(max-width: 1200px) 100vw, 1200px\" \/><\/p>\n<\/div><\/div>\n<div class=\"col medium-12 small-12 large-12\"  ><div class=\"col-inner\"  >\n<p>U Stubi\u010dkoj Slatini, pored Oroslavja, u Hrvatskom zagorju, sa suprugom i k\u0107erima \u017eivi<br \/>\nKre\u0161o Oremu\u0161, kovinotokar po struci, zaposlen u lokalnom metalskom poduze\u0107u.<br \/>\nPotomak je doma\u0107e obitelji i ondje \u017eivi od ro\u0111enja.<\/p>\n<p>Na prvi pogled, njegov \u017eivot ni po<br \/>\n\u010demu ne odska\u010de od \u017eivota ostalih tamo\u0161njih stanovnika &#8211; jednom rije\u010dju, pravi doma\u0107i Zagorec. No ipak, on je I strastveni ljubitelj bluesa i vrsni svira\u010d usne harmonike, jedan od najboljih!<\/p>\n<\/div><\/div>\n\n<style scope=\"scope\">\n\n#row-1989482129 > .col > .col-inner {\n  padding: 30px;\n}\n<\/style>\n<\/div>\n","protected":false},"excerpt":{"rendered":"<p>Raspored 2020 DORF\/ \u201eSonnyboy iz Stubi\u010dke Slatine\u201c (Hrvatska, HRT, 2019) re\u017eija: Aleksej Pavlovsky, 30&#8242; &nbsp;<\/p>\n","protected":false},"author":1,"featured_media":11,"parent":0,"menu_order":14,"comment_status":"closed","ping_status":"closed","template":"page-blank-title-center.php","meta":{"_monsterinsights_skip_tracking":false,"_monsterinsights_sitenote_active":false,"_monsterinsights_sitenote_note":"","_monsterinsights_sitenote_category":0,"_links_to":"","_links_to_target":""},"aioseo_notices":[],"_links":{"self":[{"href":"https:\/\/filmfestivaldorf.com\/hr\/wp-json\/wp\/v2\/pages\/1462"}],"collection":[{"href":"https:\/\/filmfestivaldorf.com\/hr\/wp-json\/wp\/v2\/pages"}],"about":[{"href":"https:\/\/filmfestivaldorf.com\/hr\/wp-json\/wp\/v2\/types\/page"}],"author":[{"embeddable":true,"href":"https:\/\/filmfestivaldorf.com\/hr\/wp-json\/wp\/v2\/users\/1"}],"replies":[{"embeddable":true,"href":"https:\/\/filmfestivaldorf.com\/hr\/wp-json\/wp\/v2\/comments?post=1462"}],"version-history":[{"count":3,"href":"https:\/\/filmfestivaldorf.com\/hr\/wp-json\/wp\/v2\/pages\/1462\/revisions"}],"predecessor-version":[{"id":1467,"href":"https:\/\/filmfestivaldorf.com\/hr\/wp-json\/wp\/v2\/pages\/1462\/revisions\/1467"}],"wp:featuredmedia":[{"embeddable":true,"href":"https:\/\/filmfestivaldorf.com\/hr\/wp-json\/wp\/v2\/media\/11"}],"wp:attachment":[{"href":"https:\/\/filmfestivaldorf.com\/hr\/wp-json\/wp\/v2\/media?parent=1462"}],"curies":[{"name":"wp","href":"https:\/\/api.w.org\/{rel}","templated":true}]}}