{"id":1469,"date":"2020-07-26T20:21:57","date_gmt":"2020-07-26T20:21:57","guid":{"rendered":"https:\/\/filmfestivaldorf.com\/hr\/?page_id=1469"},"modified":"2020-08-04T05:46:11","modified_gmt":"2020-08-04T05:46:11","slug":"2020dorf-pobjednici-su-dosadni","status":"publish","type":"page","link":"https:\/\/filmfestivaldorf.com\/hr\/2020dorf-pobjednici-su-dosadni\/","title":{"rendered":"2020DORF-Pobjednici su dosadni"},"content":{"rendered":"<h3><span style=\"text-decoration: underline;\"><a href=\"https:\/\/filmfestivaldorf.com\/hr\/raspored-dorf-2020\/\">Raspored 2020<\/a><\/span><\/h3>\n<h3 class=\"uppercase\"><strong><span style=\"color: #282828; background-color: #c0c0c0;\">DORF<\/span>\/ \u201ePobjednici su dosadni\u201c <\/strong><\/h3>\n<p class=\"lead\">( Srbija, Radio-televizija Vojvodina, Pobednici su dosadni, 2018 )<\/p>\n<p>re\u017eija: Olivera Mileti\u0107 \u010ca\u010dija,  30&#8242;<\/p>\n<p>&nbsp;<\/p>\n<div class=\"row row-dashed\"  id=\"row-10034569\">\n<div class=\"col medium-12 small-12 large-12\"  ><div class=\"col-inner\"  >\n<p><img loading=\"lazy\" src=\"https:\/\/filmfestivaldorf.com\/hr\/wp-content\/uploads\/2020\/07\/pobjedni.jpg\" alt=\"\" width=\"1200\" height=\"690\" class=\"alignnone size-full wp-image-1475\" srcset=\"https:\/\/filmfestivaldorf.com\/hr\/wp-content\/uploads\/2020\/07\/pobjedni.jpg 1200w, https:\/\/filmfestivaldorf.com\/hr\/wp-content\/uploads\/2020\/07\/pobjedni-696x400.jpg 696w, https:\/\/filmfestivaldorf.com\/hr\/wp-content\/uploads\/2020\/07\/pobjedni-768x442.jpg 768w\" sizes=\"(max-width: 1200px) 100vw, 1200px\" \/><\/p>\n<\/div><\/div>\n<div class=\"col medium-12 small-12 large-12\"  ><div class=\"col-inner\"  >\n<p>Junak filma je \u017dikica Simi\u0107, \u010duveni publicista, novinar i autor nekoliko kultnih radijskih emisija koje su oblikovale glazbeni ukus mnogih generacija. Kroz svojevrsno putovanje, saznajemo tko je \u010dovjek koji upravlja &#8220;Tajanstvenim vozom&#8221;, na koji su se mnogi ukrcavali slu\u0161aju\u0107i njegove emisije. <\/p>\n<p>Na tom putovanju, dru\u0161tvo mu prave njegovi heroji, predstavljeni kroz animirane likove, koji su, kao i svi slu\u0161aoci, \u017dikicini suputnici ve\u0107 dugi niz godina. Autor je gost festivala. Hrvatska premijera.<br \/>\n<\/div><\/div>\n\n<style scope=\"scope\">\n\n#row-10034569 > .col > .col-inner {\n  padding: 30px;\n}\n<\/style>\n<\/div>\n","protected":false},"excerpt":{"rendered":"<p>Raspored 2020 DORF\/ \u201ePobjednici su dosadni\u201c ( Srbija, Radio-televizija Vojvodina, Pobednici su dosadni, 2018 ) re\u017eija: Olivera Mileti\u0107 \u010ca\u010dija, 30&#8242; &nbsp;<\/p>\n","protected":false},"author":1,"featured_media":11,"parent":0,"menu_order":14,"comment_status":"closed","ping_status":"closed","template":"page-blank-title-center.php","meta":{"_monsterinsights_skip_tracking":false,"_monsterinsights_sitenote_active":false,"_monsterinsights_sitenote_note":"","_monsterinsights_sitenote_category":0,"_links_to":"","_links_to_target":""},"aioseo_notices":[],"_links":{"self":[{"href":"https:\/\/filmfestivaldorf.com\/hr\/wp-json\/wp\/v2\/pages\/1469"}],"collection":[{"href":"https:\/\/filmfestivaldorf.com\/hr\/wp-json\/wp\/v2\/pages"}],"about":[{"href":"https:\/\/filmfestivaldorf.com\/hr\/wp-json\/wp\/v2\/types\/page"}],"author":[{"embeddable":true,"href":"https:\/\/filmfestivaldorf.com\/hr\/wp-json\/wp\/v2\/users\/1"}],"replies":[{"embeddable":true,"href":"https:\/\/filmfestivaldorf.com\/hr\/wp-json\/wp\/v2\/comments?post=1469"}],"version-history":[{"count":5,"href":"https:\/\/filmfestivaldorf.com\/hr\/wp-json\/wp\/v2\/pages\/1469\/revisions"}],"predecessor-version":[{"id":1476,"href":"https:\/\/filmfestivaldorf.com\/hr\/wp-json\/wp\/v2\/pages\/1469\/revisions\/1476"}],"wp:featuredmedia":[{"embeddable":true,"href":"https:\/\/filmfestivaldorf.com\/hr\/wp-json\/wp\/v2\/media\/11"}],"wp:attachment":[{"href":"https:\/\/filmfestivaldorf.com\/hr\/wp-json\/wp\/v2\/media?parent=1469"}],"curies":[{"name":"wp","href":"https:\/\/api.w.org\/{rel}","templated":true}]}}