{"id":1485,"date":"2020-07-26T20:41:45","date_gmt":"2020-07-26T20:41:45","guid":{"rendered":"https:\/\/filmfestivaldorf.com\/hr\/?page_id=1485"},"modified":"2020-08-04T05:45:29","modified_gmt":"2020-08-04T05:45:29","slug":"2020dorf-erik","status":"publish","type":"page","link":"https:\/\/filmfestivaldorf.com\/hr\/2020dorf-erik\/","title":{"rendered":"2020DORF-Erik"},"content":{"rendered":"<h3><span style=\"text-decoration: underline;\"><a href=\"https:\/\/filmfestivaldorf.com\/hr\/raspored-dorf-2020\/\">Raspored 2020<\/a><\/span><\/h3>\n<h3 class=\"uppercase\"><strong><span style=\"color: #282828; background-color: #c0c0c0;\">DORF<\/span>\/ \u201eErik\u201c <\/strong><\/h3>\n<p class=\"lead\">(Hrvatska, Danilo &#8211; Lola Ili\u0107 i Studio Lux, 2020)<\/p>\n<p>re\u017eija: Danilo Lola Ili\u0107, 78&#8242;<\/p>\n<p>&nbsp;<\/p>\n<div class=\"row row-dashed\"  id=\"row-1567207465\">\n<div class=\"col medium-12 small-12 large-12\"  ><div class=\"col-inner\"  >\n<p><img loading=\"lazy\" src=\"https:\/\/filmfestivaldorf.com\/hr\/wp-content\/uploads\/2020\/07\/ERIK-plakat-small.jpg\" alt=\"\" width=\"643\" height=\"900\" class=\"alignnone size-full wp-image-1491\" srcset=\"https:\/\/filmfestivaldorf.com\/hr\/wp-content\/uploads\/2020\/07\/ERIK-plakat-small.jpg 643w, https:\/\/filmfestivaldorf.com\/hr\/wp-content\/uploads\/2020\/07\/ERIK-plakat-small-286x400.jpg 286w, https:\/\/filmfestivaldorf.com\/hr\/wp-content\/uploads\/2020\/07\/ERIK-plakat-small-572x800.jpg 572w\" sizes=\"(max-width: 643px) 100vw, 643px\" \/><br \/>\n<\/div><\/div>\n<div class=\"col medium-12 small-12 large-12\"  ><div class=\"col-inner\"  >\n<p>Erik Balija je kompozitor, autor, pjeva\u010d, svira klavijaturu, tekstopisac, nagra\u0111ivani autor na Melodijama Istre i Kvarnera te finalista Supertalent-a 2016 godine&#8230;<\/p>\n<p>Kao posljedica cerebralne paralize Erik je u kolicima te ima ograni\u010denu upotrebu i ruku. No, njegov duh, \u017eivotna snaga, vedrina kao i ljubav prema glazbi prevazilaze sve probleme.<\/p>\n<p>Erikova snaga da pobijedi sve pote\u0161ko\u0107e i poka\u017ee da je uz volju i \u017eelju mogu\u0107e sve, motivacija je svima da ustraju u svojoj \u017eivotnoj namjeri, iako dru\u0161tvo \u010desto okre\u0107e glavu na drugu stranu. Svjetska premijera.<br \/>\n<\/div><\/div>\n\n<style scope=\"scope\">\n\n#row-1567207465 > .col > .col-inner {\n  padding: 30px;\n}\n<\/style>\n<\/div>\n","protected":false},"excerpt":{"rendered":"<p>Raspored 2020 DORF\/ \u201eErik\u201c (Hrvatska, Danilo &#8211; Lola Ili\u0107 i Studio Lux, 2020) re\u017eija: Danilo Lola Ili\u0107, 78&#8242; &nbsp;<\/p>\n","protected":false},"author":1,"featured_media":11,"parent":0,"menu_order":14,"comment_status":"closed","ping_status":"closed","template":"page-blank-title-center.php","meta":{"_monsterinsights_skip_tracking":false,"_monsterinsights_sitenote_active":false,"_monsterinsights_sitenote_note":"","_monsterinsights_sitenote_category":0,"_links_to":"","_links_to_target":""},"aioseo_notices":[],"_links":{"self":[{"href":"https:\/\/filmfestivaldorf.com\/hr\/wp-json\/wp\/v2\/pages\/1485"}],"collection":[{"href":"https:\/\/filmfestivaldorf.com\/hr\/wp-json\/wp\/v2\/pages"}],"about":[{"href":"https:\/\/filmfestivaldorf.com\/hr\/wp-json\/wp\/v2\/types\/page"}],"author":[{"embeddable":true,"href":"https:\/\/filmfestivaldorf.com\/hr\/wp-json\/wp\/v2\/users\/1"}],"replies":[{"embeddable":true,"href":"https:\/\/filmfestivaldorf.com\/hr\/wp-json\/wp\/v2\/comments?post=1485"}],"version-history":[{"count":6,"href":"https:\/\/filmfestivaldorf.com\/hr\/wp-json\/wp\/v2\/pages\/1485\/revisions"}],"predecessor-version":[{"id":1554,"href":"https:\/\/filmfestivaldorf.com\/hr\/wp-json\/wp\/v2\/pages\/1485\/revisions\/1554"}],"wp:featuredmedia":[{"embeddable":true,"href":"https:\/\/filmfestivaldorf.com\/hr\/wp-json\/wp\/v2\/media\/11"}],"wp:attachment":[{"href":"https:\/\/filmfestivaldorf.com\/hr\/wp-json\/wp\/v2\/media?parent=1485"}],"curies":[{"name":"wp","href":"https:\/\/api.w.org\/{rel}","templated":true}]}}