{"id":1502,"date":"2020-07-26T20:57:28","date_gmt":"2020-07-26T20:57:28","guid":{"rendered":"https:\/\/filmfestivaldorf.com\/hr\/?page_id=1502"},"modified":"2020-08-04T05:45:51","modified_gmt":"2020-08-04T05:45:51","slug":"2020dorf-grace-jones-bloodlight-and-bami","status":"publish","type":"page","link":"https:\/\/filmfestivaldorf.com\/hr\/2020dorf-grace-jones-bloodlight-and-bami\/","title":{"rendered":"2020DORF-Grace Jones: Bloodlight and Bami"},"content":{"rendered":"<h3><span style=\"text-decoration: underline;\"><a href=\"https:\/\/filmfestivaldorf.com\/hr\/raspored-dorf-2020\/\">Raspored 2020<\/a><\/span><\/h3>\n<h3 class=\"uppercase\"><strong><span style=\"color: #282828; background-color: #c0c0c0;\">DORF<\/span>\/ \u201eGrace Jones: Bloodlight and Bami\u201c <\/strong><\/h3>\n<p class=\"lead\">(Grace Jones: Bloodlight and Bami, UK, Irska, 2017.)<\/p>\n<p>re\u017eija: Sophie Fiennes, 115&#8242;<\/p>\n<p>&nbsp;<\/p>\n<div class=\"row row-dashed\"  id=\"row-396246595\">\n<div class=\"col medium-12 small-12 large-12\"  ><div class=\"col-inner\"  >\n<p><img loading=\"lazy\" src=\"https:\/\/filmfestivaldorf.com\/hr\/wp-content\/uploads\/2020\/07\/grace-film.jpg\" alt=\"\" width=\"1000\" height=\"563\" class=\"alignnone size-full wp-image-1508\" srcset=\"https:\/\/filmfestivaldorf.com\/hr\/wp-content\/uploads\/2020\/07\/grace-film.jpg 1000w, https:\/\/filmfestivaldorf.com\/hr\/wp-content\/uploads\/2020\/07\/grace-film-710x400.jpg 710w, https:\/\/filmfestivaldorf.com\/hr\/wp-content\/uploads\/2020\/07\/grace-film-768x432.jpg 768w\" sizes=\"(max-width: 1000px) 100vw, 1000px\" \/><\/p>\n<\/div><\/div>\n<div class=\"col medium-12 small-12 large-12\"  ><div class=\"col-inner\"  >\n<p>Ve\u0107a od \u017eivota, divlja, stra\u0161na, androgina \u2013 Grace Jones igra sve ove uloge ve\u0107 nekoliko desetlje\u0107a. U intimnom filmu sjajne Sophie Fiennes upoznajemo Grace i u ulozi ljubavnice, k\u0107eri, majke, sestre, pa \u010dak i bake, a ona se razotkriva pred na\u0161im o\u010dima i poma\u017ee nam da upoznamo \u0161to se nalazi iza maske.<\/p>\n<p>Na jamaj\u010danskom dijalektu \u201cbloodlight\u201d ozna\u010dava crveno svjetlo koje signalizira snimanje u studiju, a \u201cbami\u201d vrstu kruha koju je Grace posebno voljela kao mala. Film prati Grace na putovanju automobilom du\u017e njezine rodne Jamajke, izmjenjuju se prizori Jamajke s javnim i privatnim \u017eivotom Grace Jones, snimanje albuma u studiju, uz vrhunske snimke s pozornice (Slave to the rhythm, Pull up to the bumper\u2026). <\/p>\n<p>Ovo nije biografski film o velikoj divi, ali predstavlja Grace kakvu jo\u0161 nismo vidjeli.<\/p>\n<\/div><\/div>\n\n<style scope=\"scope\">\n\n#row-396246595 > .col > .col-inner {\n  padding: 30px;\n}\n<\/style>\n<\/div>\n","protected":false},"excerpt":{"rendered":"<p>Raspored 2020 DORF\/ \u201eGrace Jones: Bloodlight and Bami\u201c (Grace Jones: Bloodlight and Bami, UK, Irska, 2017.) re\u017eija: Sophie Fiennes, 115&#8242; &nbsp;<\/p>\n","protected":false},"author":1,"featured_media":11,"parent":0,"menu_order":14,"comment_status":"closed","ping_status":"closed","template":"page-blank-title-center.php","meta":{"_monsterinsights_skip_tracking":false,"_monsterinsights_sitenote_active":false,"_monsterinsights_sitenote_note":"","_monsterinsights_sitenote_category":0,"_links_to":"","_links_to_target":""},"aioseo_notices":[],"_links":{"self":[{"href":"https:\/\/filmfestivaldorf.com\/hr\/wp-json\/wp\/v2\/pages\/1502"}],"collection":[{"href":"https:\/\/filmfestivaldorf.com\/hr\/wp-json\/wp\/v2\/pages"}],"about":[{"href":"https:\/\/filmfestivaldorf.com\/hr\/wp-json\/wp\/v2\/types\/page"}],"author":[{"embeddable":true,"href":"https:\/\/filmfestivaldorf.com\/hr\/wp-json\/wp\/v2\/users\/1"}],"replies":[{"embeddable":true,"href":"https:\/\/filmfestivaldorf.com\/hr\/wp-json\/wp\/v2\/comments?post=1502"}],"version-history":[{"count":6,"href":"https:\/\/filmfestivaldorf.com\/hr\/wp-json\/wp\/v2\/pages\/1502\/revisions"}],"predecessor-version":[{"id":1510,"href":"https:\/\/filmfestivaldorf.com\/hr\/wp-json\/wp\/v2\/pages\/1502\/revisions\/1510"}],"wp:featuredmedia":[{"embeddable":true,"href":"https:\/\/filmfestivaldorf.com\/hr\/wp-json\/wp\/v2\/media\/11"}],"wp:attachment":[{"href":"https:\/\/filmfestivaldorf.com\/hr\/wp-json\/wp\/v2\/media?parent=1502"}],"curies":[{"name":"wp","href":"https:\/\/api.w.org\/{rel}","templated":true}]}}