{"id":1805,"date":"2021-04-28T16:03:51","date_gmt":"2021-04-28T16:03:51","guid":{"rendered":"https:\/\/filmfestivaldorf.com\/hr\/?page_id=1805"},"modified":"2021-05-25T14:38:44","modified_gmt":"2021-05-25T14:38:44","slug":"natjecaj-2021","status":"publish","type":"page","link":"https:\/\/filmfestivaldorf.com\/hr\/natjecaj-2021\/","title":{"rendered":"Natje\u010daj 2021"},"content":{"rendered":"<div class=\"container section-title-container\" ><h3 class=\"section-title section-title-center\"><b><\/b><span class=\"section-title-main\" >POZIV (natje\u010daj je otvoren do 15.06.2021.)<\/span><b><\/b><\/h3><\/div><!-- .section-title -->\n<div class=\"row\"  id=\"row-1402588793\">\n<div class=\"col medium-12 small-12 large-12\"  ><div class=\"col-inner\"  >\n<h3>Po\u0161tovani,<\/h3>\n<p>Po\u0161tovani,<\/p>\n<p>Raspisan je natje\u010daj za petnaesti po redu Festival dokumentarnog rock filma DORF, koji \u0107e se u kolovozu 2021. odr\u017eati u Vinkovcima.<\/p>\n<p>Organizatori DORF &#8217;21 pozivaju autore i producente dokumentarnih glazbenih filmova da ih prijave na natje\u010daj koji je otvoren do 15\/06\/2021.<br \/>\nFestival osim projekcija filmova organizira i popratne sadr\u017eaje: izlo\u017ebe, promocije knjiga, koncerte i radionice.<\/p>\n<p>Trajanje i tehnika snimanja nisu zadani, prednost \u0107e imati filmovi koji su nastali u zadnje 2 godine, te nisu objavljeni online.<br \/>\nOrganizatori posebno isti\u010du \u017eelju za \u017eanrovskom raznoliko\u0161\u0107u i pozivaju sve autore dokumentaraca na temu glazba i sve \u0161to je vezano uz nju da po\u0161alju svoje radove.<\/p>\n<p>Prijavnicu i upute je mogu\u0107e preuzeti na slu\u017ebenoj web-stranici \u2013 www.filmfestivaldorf.com.<\/p>\n<p>Natje\u010daj je otvoren do 15.06.2021.<\/p>\n<p>Filmovi za selekciju (ogledne kopije) \u0161alju se kao linkovi na nekom video servisu. Organizator se obvezuje da kopije filmova ne\u0107e koristiti u komercijalne svrhe.<br \/>\nNakon pregledavanja prispjelih filmova, o kona\u010dnom izboru obavijestit \u0107e se autore pozivnim pismom.<\/p>\n<p>Zahvaljujemo se na suradnji.<\/p>\n<p>S po\u0161tovanjem,<\/p>\n<p>Filip Me\u0161trovi\u0107<br \/>\nIzvr\u0161ni producent DORF 2021<br \/>\nwww.filmfestivaldorf.com<\/p>\n<a rel=\"noopener noreferrer\" href=\"https:\/\/filmfestivaldorf.com\/hr\/wp-content\/uploads\/2021\/04\/prijavnica2021.doc\" target=\"_blank\" class=\"button primary\"  >\n    <span>Prijavnica - Word dokument <\/span>\n  <\/a>\n\n<\/div><\/div>\n<\/div>\n","protected":false},"excerpt":{"rendered":"","protected":false},"author":1,"featured_media":11,"parent":0,"menu_order":14,"comment_status":"closed","ping_status":"closed","template":"page-blank-title-center.php","meta":{"_monsterinsights_skip_tracking":false,"_monsterinsights_sitenote_active":false,"_monsterinsights_sitenote_note":"","_monsterinsights_sitenote_category":0,"_links_to":"","_links_to_target":""},"aioseo_notices":[],"_links":{"self":[{"href":"https:\/\/filmfestivaldorf.com\/hr\/wp-json\/wp\/v2\/pages\/1805"}],"collection":[{"href":"https:\/\/filmfestivaldorf.com\/hr\/wp-json\/wp\/v2\/pages"}],"about":[{"href":"https:\/\/filmfestivaldorf.com\/hr\/wp-json\/wp\/v2\/types\/page"}],"author":[{"embeddable":true,"href":"https:\/\/filmfestivaldorf.com\/hr\/wp-json\/wp\/v2\/users\/1"}],"replies":[{"embeddable":true,"href":"https:\/\/filmfestivaldorf.com\/hr\/wp-json\/wp\/v2\/comments?post=1805"}],"version-history":[{"count":5,"href":"https:\/\/filmfestivaldorf.com\/hr\/wp-json\/wp\/v2\/pages\/1805\/revisions"}],"predecessor-version":[{"id":1836,"href":"https:\/\/filmfestivaldorf.com\/hr\/wp-json\/wp\/v2\/pages\/1805\/revisions\/1836"}],"wp:featuredmedia":[{"embeddable":true,"href":"https:\/\/filmfestivaldorf.com\/hr\/wp-json\/wp\/v2\/media\/11"}],"wp:attachment":[{"href":"https:\/\/filmfestivaldorf.com\/hr\/wp-json\/wp\/v2\/media?parent=1805"}],"curies":[{"name":"wp","href":"https:\/\/api.w.org\/{rel}","templated":true}]}}