{"id":1874,"date":"2021-07-19T05:59:44","date_gmt":"2021-07-19T05:59:44","guid":{"rendered":"https:\/\/filmfestivaldorf.com\/hr\/?page_id=1874"},"modified":"2022-11-24T11:34:44","modified_gmt":"2022-11-24T11:34:44","slug":"raspored-2021","status":"publish","type":"page","link":"https:\/\/filmfestivaldorf.com\/hr\/raspored-2021\/","title":{"rendered":"Raspored 2021"},"content":{"rendered":"<p><strong>16.08. (PONEDJELJAK) DORF INTRO<\/strong><br \/>\n@Hang Loose<br \/>\n19:00<br \/>\nOFF\/ IZLO\u017dBA PLAKATA \u201e \u017dedno uho\u201c &#8211; otvorenje<br \/>\n@Lapidarij GMV<br \/>\n20:00<br \/>\nDORF\/\u201cDaleka Obala u Americi\u201c, 50&#8242;<br \/>\nDORF\/\u201cZauvijek skladatelj: Rajko Dujmi\u0107\u201c, 40&#8242;<\/p>\n<p><strong>17.08. (UTORAK) AFV<\/strong><br \/>\n@Lapidarij GMV<br \/>\n20:30<br \/>\nAFV\/ SVE\u010cANO OTVORENJE 9.ANTI\u010cKIH FILMSKIH VE\u010cERI<br \/>\nFILM\/Silvestar Kolbas \u2013 \u201eRatni reporter\u201c, 60&#8242; + \u201eKino Crvena zvijezda\u201c, 11&#8242;<\/p>\n<p><strong>18.08. (SRIJEDA) AFV<\/strong><br \/>\n@Lapidarij GMV<br \/>\n19:30<br \/>\nAFV\/ PREDAVANJE Gradski muzej Vinkovci, saznajte sve novosti od ravnatelja Hrvoja Vuli\u0107a<\/p>\n<p>20:00<br \/>\nAFV\/ KVIZ Mario Kova\u010d, powered by Klasik TV<\/p>\n<p>21:30<br \/>\nAFV\/ FILM Ivan Ramljak \u2013 \u201eO jednoj mladosti\u201c, 70&#8242;<\/p>\n<p><strong>19.08. (\u010cETVRTAK) DORF<\/strong><\/p>\n<p>@Hang Loose<br \/>\n18:00 sati<br \/>\nOFF\/ PROMOCIJA MAGAZINA \u201e46 pgs.\u201c<\/p>\n<p>@Lapidarij GMV<br \/>\n20:00<br \/>\nSVE\u010cANO OTVORENJE 15.FESTIVALA DORF<br \/>\nDORF\/ \u201eOne su tu\u201c, 45&#8242;<br \/>\nDORF\/\u201eNovi val &#8211; 40 godina nakon\u201c, 100&#8242;<br \/>\n@Hang Loose<br \/>\n22:30<br \/>\nOFF\/ SLU\u0160AONICA \u2013 Ona se budi<\/p>\n<p><strong>20.08. (PETAK) DORF<\/strong><br \/>\n@Lapidarij GMV<br \/>\n20:00<br \/>\nDORF\/\u201eOdlazak\u201c, 60&#8242;<br \/>\nDORF\/\u201eRock bozon\u201c, 38&#8242;<br \/>\n21:45<br \/>\nDORF\/\u201cIndexi\u201c, 107&#8242;<\/p>\n<p><strong>21.08. (SUBOTA) DORF<\/strong><br \/>\n@Hang Loose<br \/>\n18:00<br \/>\nOFF\/ Promocija knjige \u201eGlazba za \u017eedno uho\u201c (Rockmark, 2021.)<br \/>\n@Lapidarij GMV<br \/>\n20:00<br \/>\nDORF\/ \u201eJedno dobro putovanje\u201c, 15&#8242;<br \/>\nDORF\/ \u201eDon&#8217;t go gentle: film about IDLES\u201c, 75&#8242;<br \/>\nDORF\/Spotovi \u2013 izbor Radislav Jovanov Gonzo, 25&#8242;<br \/>\n22:00 PROGLA\u0160ENJE I DODJELA NAGRADA 15.DORF<br \/>\n@Hang Loose<br \/>\n22:30<br \/>\nOFF\/Mislav Medi\u0107 Lil&#8217;Bear vs. Harp explosion, koncert<\/p>\n","protected":false},"excerpt":{"rendered":"<p>16.08. (PONEDJELJAK) DORF INTRO @Hang Loose 19:00 OFF\/ IZLO\u017dBA PLAKATA \u201e \u017dedno uho\u201c &#8211; otvorenje @Lapidarij GMV 20:00 DORF\/\u201cDaleka Obala u Americi\u201c, 50&#8242; DORF\/\u201cZauvijek skladatelj: Rajko Dujmi\u0107\u201c, 40&#8242; 17.08. (UTORAK) AFV @Lapidarij GMV 20:30 AFV\/ SVE\u010cANO OTVORENJE 9.ANTI\u010cKIH FILMSKIH VE\u010cERI FILM\/Silvestar Kolbas \u2013 \u201eRatni reporter\u201c, 60&#8242; + \u201eKino Crvena zvijezda\u201c, 11&#8242; 18.08. (SRIJEDA) AFV @Lapidarij [&#8230;]\n","protected":false},"author":1,"featured_media":11,"parent":0,"menu_order":14,"comment_status":"closed","ping_status":"closed","template":"page-blank-title-center.php","meta":{"_monsterinsights_skip_tracking":false,"_monsterinsights_sitenote_active":false,"_monsterinsights_sitenote_note":"","_monsterinsights_sitenote_category":0,"_links_to":"","_links_to_target":""},"aioseo_notices":[],"_links":{"self":[{"href":"https:\/\/filmfestivaldorf.com\/hr\/wp-json\/wp\/v2\/pages\/1874"}],"collection":[{"href":"https:\/\/filmfestivaldorf.com\/hr\/wp-json\/wp\/v2\/pages"}],"about":[{"href":"https:\/\/filmfestivaldorf.com\/hr\/wp-json\/wp\/v2\/types\/page"}],"author":[{"embeddable":true,"href":"https:\/\/filmfestivaldorf.com\/hr\/wp-json\/wp\/v2\/users\/1"}],"replies":[{"embeddable":true,"href":"https:\/\/filmfestivaldorf.com\/hr\/wp-json\/wp\/v2\/comments?post=1874"}],"version-history":[{"count":8,"href":"https:\/\/filmfestivaldorf.com\/hr\/wp-json\/wp\/v2\/pages\/1874\/revisions"}],"predecessor-version":[{"id":2523,"href":"https:\/\/filmfestivaldorf.com\/hr\/wp-json\/wp\/v2\/pages\/1874\/revisions\/2523"}],"wp:featuredmedia":[{"embeddable":true,"href":"https:\/\/filmfestivaldorf.com\/hr\/wp-json\/wp\/v2\/media\/11"}],"wp:attachment":[{"href":"https:\/\/filmfestivaldorf.com\/hr\/wp-json\/wp\/v2\/media?parent=1874"}],"curies":[{"name":"wp","href":"https:\/\/api.w.org\/{rel}","templated":true}]}}