{"id":2193,"date":"2022-04-10T14:16:24","date_gmt":"2022-04-10T14:16:24","guid":{"rendered":"https:\/\/filmfestivaldorf.com\/hr\/?page_id=2193"},"modified":"2022-04-10T18:55:12","modified_gmt":"2022-04-10T18:55:12","slug":"natjecaj-2022","status":"publish","type":"page","link":"https:\/\/filmfestivaldorf.com\/hr\/natjecaj-2022\/","title":{"rendered":"Natje\u010daj 2022"},"content":{"rendered":"<div class=\"container section-title-container\" ><h3 class=\"section-title section-title-center\"><b><\/b><span class=\"section-title-main\" >POZIV (natje\u010daj je otvoren do 15.06.2022.)<\/span><b><\/b><\/h3><\/div><!-- .section-title -->\n<div class=\"row\"  id=\"row-155393818\">\n<div class=\"col small-12 large-12\"  ><div class=\"col-inner\"  >\n\t<div class=\"img has-hover x md-x lg-x y md-y lg-y\" id=\"image_1917962706\">\n\t\t\t\t\t\t\t\t<div class=\"img-inner dark\" >\n\t\t\t<img width=\"1020\" height=\"680\" src=\"https:\/\/filmfestivaldorf.com\/hr\/wp-content\/uploads\/2022\/04\/natjecaj-hr-3.jpg\" class=\"attachment-large size-large\" alt=\"\" loading=\"lazy\" srcset=\"https:\/\/filmfestivaldorf.com\/hr\/wp-content\/uploads\/2022\/04\/natjecaj-hr-3.jpg 1200w, https:\/\/filmfestivaldorf.com\/hr\/wp-content\/uploads\/2022\/04\/natjecaj-hr-3-600x400.jpg 600w, https:\/\/filmfestivaldorf.com\/hr\/wp-content\/uploads\/2022\/04\/natjecaj-hr-3-768x512.jpg 768w\" sizes=\"(max-width: 1020px) 100vw, 1020px\" \/>\t\t\t\t\t\t\n\t\t\t\t\t<\/div>\n\t\t\t\t\t\t\t\t\n<style scope=\"scope\">\n\n#image_1917962706 {\n  width: 100%;\n}\n<\/style>\n\t<\/div>\n\t\n<p>Po\u0161tovani,<\/p>\n<p>U privitku Vam dostavljamo informaciju o raspisivanju natje\u010daja za \u0161esnaesti po redu Festival dokumentarnog rock filma DORF, koji \u0107e se u kolovozu 2022. odr\u017eati u Vinkovcima.<\/p>\n<p>Organizatori DORF &#8217;22 <strong>pozivaju autore i producente dokumentarnih glazbenih filmova<\/strong> da ih prijave na natje\u010daj koji je otvoren do 15\/06\/2022. <br \/>Festival osim projekcija filmova organizira i popratne sadr\u017eaje: izlo\u017ebe, promocije knjiga, koncerte i radionice.Trajanje i tehnika snimanja nisu zadani, prednost \u0107e imati filmovi koji su nastali u zadnje 2 godine, te nisu objavljeni online.<\/p>\n<p>Organizatori posebno isti\u010du \u017eelju za \u017eanrovskom raznoliko\u0161\u0107u i pozivaju sve autore dokumentaraca na temu glazba i sve \u0161to je vezano uz nju da po\u0161alju svoje radove.<\/p>\n<p><strong>Prijavnicu<\/strong> i upute je mogu\u0107e preuzeti na slu\u017ebenoj web-stranici \u2013 <u>www.filmfestivaldorf.com<\/u>.<\/p>\n<p><strong>Natje\u010daj je otvoren do 15.06.2022. <\/strong><\/p>\n<p>Filmovi za selekciju (ogledne kopije) \u0161alju se kao linkovi na nekom video servisu na adresu <a href=\"mailto:filmfestivaldorf@gmail.com\">filmfestivaldorf@gmail.com<\/a> . Organizator se obvezuje da kopije filmova ne\u0107e koristiti u komercijalne svrhe.\u00a0<\/p>\n<p>Nakon pregledavanja prispjelih filmova, o kona\u010dnom izboru obavijestit \u0107e se autore pozivnim pismom do kraja lipnja 2022.godine.<\/p>\n<p>Zahvaljujemo se na suradnji.<\/p>\n<p>S po\u0161tovanjem,<\/p>\n<p>Filip Me\u0161trovi\u0107<\/p>\n<p>Izvr\u0161ni producent DORF 2022<\/p>\n<p><a href=\"http:\/\/www.filmfestivaldorf.com\">www.filmfestivaldorf.com<\/a><\/p>\n<a rel=\"noopener noreferrer\" href=\"https:\/\/filmfestivaldorf.com\/hr\/wp-content\/uploads\/2022\/04\/Prijavnica-2022.doc\" target=\"_blank\" class=\"button primary\"  >\n    <span>Prijavnica - Word dokument<\/span>\n  <\/a>\n\n<\/div><\/div>\n<\/div>\n","protected":false},"excerpt":{"rendered":"","protected":false},"author":1,"featured_media":11,"parent":0,"menu_order":14,"comment_status":"closed","ping_status":"closed","template":"page-blank-title-center.php","meta":{"_monsterinsights_skip_tracking":false,"_monsterinsights_sitenote_active":false,"_monsterinsights_sitenote_note":"","_monsterinsights_sitenote_category":0,"_links_to":"","_links_to_target":""},"aioseo_notices":[],"_links":{"self":[{"href":"https:\/\/filmfestivaldorf.com\/hr\/wp-json\/wp\/v2\/pages\/2193"}],"collection":[{"href":"https:\/\/filmfestivaldorf.com\/hr\/wp-json\/wp\/v2\/pages"}],"about":[{"href":"https:\/\/filmfestivaldorf.com\/hr\/wp-json\/wp\/v2\/types\/page"}],"author":[{"embeddable":true,"href":"https:\/\/filmfestivaldorf.com\/hr\/wp-json\/wp\/v2\/users\/1"}],"replies":[{"embeddable":true,"href":"https:\/\/filmfestivaldorf.com\/hr\/wp-json\/wp\/v2\/comments?post=2193"}],"version-history":[{"count":7,"href":"https:\/\/filmfestivaldorf.com\/hr\/wp-json\/wp\/v2\/pages\/2193\/revisions"}],"predecessor-version":[{"id":2221,"href":"https:\/\/filmfestivaldorf.com\/hr\/wp-json\/wp\/v2\/pages\/2193\/revisions\/2221"}],"wp:featuredmedia":[{"embeddable":true,"href":"https:\/\/filmfestivaldorf.com\/hr\/wp-json\/wp\/v2\/media\/11"}],"wp:attachment":[{"href":"https:\/\/filmfestivaldorf.com\/hr\/wp-json\/wp\/v2\/media?parent=2193"}],"curies":[{"name":"wp","href":"https:\/\/api.w.org\/{rel}","templated":true}]}}