{"id":2267,"date":"2022-05-29T11:43:49","date_gmt":"2022-05-29T11:43:49","guid":{"rendered":"https:\/\/filmfestivaldorf.com\/hr\/?page_id=2267"},"modified":"2023-08-08T14:43:51","modified_gmt":"2023-08-08T14:43:51","slug":"2023-off-dorf","status":"publish","type":"page","link":"https:\/\/filmfestivaldorf.com\/hr\/2023-off-dorf\/","title":{"rendered":"2023 OFF DORF"},"content":{"rendered":"\t<div class=\"img has-hover x md-x lg-x y md-y lg-y\" id=\"image_158420326\">\n\t\t\t\t\t\t\t\t<div class=\"img-inner dark\" >\n\t\t\t<img width=\"1020\" height=\"534\" src=\"https:\/\/filmfestivaldorf.com\/hr\/wp-content\/uploads\/2023\/07\/event-1400x733.jpg\" class=\"attachment-large size-large\" alt=\"\" loading=\"lazy\" srcset=\"https:\/\/filmfestivaldorf.com\/hr\/wp-content\/uploads\/2023\/07\/event-1400x733.jpg 1400w, https:\/\/filmfestivaldorf.com\/hr\/wp-content\/uploads\/2023\/07\/event-764x400.jpg 764w, https:\/\/filmfestivaldorf.com\/hr\/wp-content\/uploads\/2023\/07\/event-768x402.jpg 768w, https:\/\/filmfestivaldorf.com\/hr\/wp-content\/uploads\/2023\/07\/event-1536x804.jpg 1536w, https:\/\/filmfestivaldorf.com\/hr\/wp-content\/uploads\/2023\/07\/event.jpg 1920w\" sizes=\"(max-width: 1020px) 100vw, 1020px\" \/>\t\t\t\t\t\t\n\t\t\t\t\t<\/div>\n\t\t\t\t\t\t\t\t\n<style scope=\"scope\">\n\n#image_158420326 {\n  width: 100%;\n}\n<\/style>\n\t<\/div>\n\t\n\t<div id=\"gap-2004947622\" class=\"gap-element clearfix\" style=\"display:block; height:auto;\">\n\t\t\n<style scope=\"scope\">\n\n#gap-2004947622 {\n  padding-top: 60px;\n}\n<\/style>\n\t<\/div>\n\t\n<div class=\"container section-title-container\" ><h3 class=\"section-title section-title-normal\"><b><\/b><span class=\"section-title-main\" >OFF DORF<\/span><b><\/b><\/h3><\/div><!-- .section-title -->\n\t<section class=\"section\" id=\"section_2132651496\">\n\t\t<div class=\"bg section-bg fill bg-fill  bg-loaded\" >\n\n\t\t\t\n\t\t\t\n\t\t\t\n\n\t\t<\/div><!-- .section-bg -->\n\n\t\t<div class=\"section-content relative\">\n\t\t\t\n<div class=\"row\"  id=\"row-740534589\">\n<div class=\"col medium-6 small-12 large-6\"  ><div class=\"col-inner\"  >\n\t<div class=\"img has-hover x md-x lg-x y md-y lg-y\" id=\"image_607676936\">\n\t\t\t\t\t\t\t\t<div class=\"img-inner dark\" >\n\t\t\t<img width=\"853\" height=\"555\" src=\"https:\/\/filmfestivaldorf.com\/hr\/wp-content\/uploads\/2023\/07\/strip.jpg\" class=\"attachment-large size-large\" alt=\"\" loading=\"lazy\" srcset=\"https:\/\/filmfestivaldorf.com\/hr\/wp-content\/uploads\/2023\/07\/strip.jpg 853w, https:\/\/filmfestivaldorf.com\/hr\/wp-content\/uploads\/2023\/07\/strip-615x400.jpg 615w, https:\/\/filmfestivaldorf.com\/hr\/wp-content\/uploads\/2023\/07\/strip-768x500.jpg 768w\" sizes=\"(max-width: 853px) 100vw, 853px\" \/>\t\t\t\t\t\t\n\t\t\t\t\t<\/div>\n\t\t\t\t\t\t\t\t\n<style scope=\"scope\">\n\n#image_607676936 {\n  width: 100%;\n}\n<\/style>\n\t<\/div>\n\t\n<p><b>PROMOCIJA STRIPOVA O GLAZBI<\/b><\/p>\n<p>S velikim zadovoljstvom pripremili smo promociju <b>stripova o glazbi<\/b>, koji su u posljednje vrijeme postali sve redovniji u ponudi \u2013 u dru\u0161tvu izdava\u010da Tine \u0106urina i Kre\u0161imira Bla\u017eevi\u0107a saznat \u0107emo detalje o strip biografijama i albumima.<\/p>\n<\/div><\/div>\n<div class=\"col medium-6 small-12 large-6\"  ><div class=\"col-inner\"  >\n\t<div class=\"img has-hover x md-x lg-x y md-y lg-y\" id=\"image_1893408425\">\n\t\t\t\t\t\t\t\t<div class=\"img-inner dark\" >\n\t\t\t<img width=\"853\" height=\"555\" src=\"https:\/\/filmfestivaldorf.com\/hr\/wp-content\/uploads\/2023\/08\/trilogija-guitnik.jpg\" class=\"attachment-large size-large\" alt=\"\" loading=\"lazy\" srcset=\"https:\/\/filmfestivaldorf.com\/hr\/wp-content\/uploads\/2023\/08\/trilogija-guitnik.jpg 853w, https:\/\/filmfestivaldorf.com\/hr\/wp-content\/uploads\/2023\/08\/trilogija-guitnik-615x400.jpg 615w, https:\/\/filmfestivaldorf.com\/hr\/wp-content\/uploads\/2023\/08\/trilogija-guitnik-768x500.jpg 768w\" sizes=\"(max-width: 853px) 100vw, 853px\" \/>\t\t\t\t\t\t\n\t\t\t\t\t<\/div>\n\t\t\t\t\t\t\t\t\n<style scope=\"scope\">\n\n#image_1893408425 {\n  width: 100%;\n}\n<\/style>\n\t<\/div>\n\t\n<p><b>PROMOCIJA KNJIGE &#8220;TRILOGIJA GUBITNIKA&#8221;<\/b><\/p>\n<div>\n<div dir=\"auto\">Knjiga \u201cTrilogija gubitnika\u201d donosi tri dramska teksta Sa\u0161e Ano\u010di\u0107a, jednog od najoriginalnijih i najzna\u010dajnijih imena novijeg hrvatskog kazali\u0161ta: \u201cSmisao \u017eivota gospodina Lojtrice\u201d, \u201cKauboji\u201d i \u201cNiko i Ni\u0161t\u201d (odnosno \u201cGospOUdinNOUbadi\u201d), na osnovi kojih su bile postavljene i niz godina igrane istoimene kazali\u0161ne predstave, od kojih je mjuzikl \u201cKauboji\u201d s preko 500 izvedbi i 20 nagrada stekao kultni status kao svojevrsni kazali\u0161ni fenomen koji je osvojio i publiku i struku.<\/div>\n<div dir=\"auto\"><a role=\"link\" href=\"https:\/\/l.facebook.com\/l.php?u=https%3A%2F%2Fdisput.hr%2Fshop%2Ftrilogija-gubitnika%2F%3Ffbclid%3DIwAR0CSRH9AnGlE4c_Rc6dKvb18iS0NOC3d8WMS49H68mjowDWQQpkVAvsqrM&amp;h=AT1G72gfDVyMc8OrplVnpv85Chg8tBcNf7M8npQ_UTi0gru1Rl2uxzZNS-2fAkD4IBQXaT7HAKGMUa8BzNCvO1I2zf1tbxp1x3HR8R6OHM9D8LekeR7gNYCL56tbWjmcmg&amp;__tn__=-UK-R&amp;c&#091;0&#093;=AT0y6eQWG04MUke6LCjKc7pVNDBx1zdmNrtedELqYArtJwb2tYUO3UcuyyfGg31EVHWg5wFoTo4ppQV7ZE1bDTmuybzVUk107-KEMP3whOsLYBK5J2sUB0It2QLKTeeSRkXxa_NgO6QgU_HaRoYfXVPJ5UuycM2R0dNMUFA31oezsc6O9A\" target=\"_blank\" rel=\"nofollow noopener noreferrer\" data-saferedirecturl=\"https:\/\/www.google.com\/url?q=https:\/\/l.facebook.com\/l.php?u%3Dhttps%253A%252F%252Fdisput.hr%252Fshop%252Ftrilogija-gubitnika%252F%253Ffbclid%253DIwAR0CSRH9AnGlE4c_Rc6dKvb18iS0NOC3d8WMS49H68mjowDWQQpkVAvsqrM%26h%3DAT1G72gfDVyMc8OrplVnpv85Chg8tBcNf7M8npQ_UTi0gru1Rl2uxzZNS-2fAkD4IBQXaT7HAKGMUa8BzNCvO1I2zf1tbxp1x3HR8R6OHM9D8LekeR7gNYCL56tbWjmcmg%26__tn__%3D-UK-R%26c%5B0%5D%3DAT0y6eQWG04MUke6LCjKc7pVNDBx1zdmNrtedELqYArtJwb2tYUO3UcuyyfGg31EVHWg5wFoTo4ppQV7ZE1bDTmuybzVUk107-KEMP3whOsLYBK5J2sUB0It2QLKTeeSRkXxa_NgO6QgU_HaRoYfXVPJ5UuycM2R0dNMUFA31oezsc6O9A&amp;source=gmail&amp;ust=1691591490593000&amp;usg=AOvVaw1VH8fsB5Falxsf3p2k5sKJ\">https:\/\/disput.hr\/shop\/<wbr \/>trilogija-gubitnika\/<\/a><\/div>\n<div dir=\"auto\">\u00a0<\/div>\n<\/div>\n<\/div><\/div>\n<div class=\"col medium-6 small-12 large-6\"  ><div class=\"col-inner\"  >\n\t<div class=\"img has-hover x md-x lg-x y md-y lg-y\" id=\"image_2139294879\">\n\t\t\t\t\t\t\t\t<div class=\"img-inner dark\" >\n\t\t\t<img width=\"853\" height=\"555\" src=\"https:\/\/filmfestivaldorf.com\/hr\/wp-content\/uploads\/2023\/07\/italo-dj.jpg\" class=\"attachment-large size-large\" alt=\"\" loading=\"lazy\" srcset=\"https:\/\/filmfestivaldorf.com\/hr\/wp-content\/uploads\/2023\/07\/italo-dj.jpg 853w, https:\/\/filmfestivaldorf.com\/hr\/wp-content\/uploads\/2023\/07\/italo-dj-615x400.jpg 615w, https:\/\/filmfestivaldorf.com\/hr\/wp-content\/uploads\/2023\/07\/italo-dj-768x500.jpg 768w\" sizes=\"(max-width: 853px) 100vw, 853px\" \/>\t\t\t\t\t\t\n\t\t\t\t\t<\/div>\n\t\t\t\t\t\t\t\t\n<style scope=\"scope\">\n\n#image_2139294879 {\n  width: 100%;\n}\n<\/style>\n\t<\/div>\n\t\n<p><b>ITALO DISCO DJ SET<\/b><\/p>\n<p><b>DJ Ganja i Chempo<\/b> pripremili su povratak u 80-te uz zvukove italo-disco hitova. Ganja &amp; Chempo mladi je i dinami\u010dni duo iz Vinkovaca koji unosi vesele note Italo Disca u \u017eivote svih usamljenih ljudi, udovica, besposli\u010dara, partimanijaka, bau\u0161telaca i svih drugih \u017eeljnih zabave. Do\u0111ite, vidite, \u010dujte i uvjerite se sami.<\/p>\n<\/div><\/div>\n<div class=\"col medium-6 small-12 large-6\"  ><div class=\"col-inner\"  >\n\t<div class=\"img has-hover x md-x lg-x y md-y lg-y\" id=\"image_1180014732\">\n\t\t\t\t\t\t\t\t<div class=\"img-inner dark\" >\n\t\t\t<img width=\"853\" height=\"555\" src=\"https:\/\/filmfestivaldorf.com\/hr\/wp-content\/uploads\/2023\/07\/kovac.jpg\" class=\"attachment-large size-large\" alt=\"\" loading=\"lazy\" srcset=\"https:\/\/filmfestivaldorf.com\/hr\/wp-content\/uploads\/2023\/07\/kovac.jpg 853w, https:\/\/filmfestivaldorf.com\/hr\/wp-content\/uploads\/2023\/07\/kovac-615x400.jpg 615w, https:\/\/filmfestivaldorf.com\/hr\/wp-content\/uploads\/2023\/07\/kovac-768x500.jpg 768w\" sizes=\"(max-width: 853px) 100vw, 853px\" \/>\t\t\t\t\t\t\n\t\t\t\t\t<\/div>\n\t\t\t\t\t\t\t\t\n<style scope=\"scope\">\n\n#image_1180014732 {\n  width: 100%;\n}\n<\/style>\n\t<\/div>\n\t\n<p><strong>POP-KULTURNI KVIZ <\/strong><\/p>\n<p>Tradicionalno ve\u0107, zezamo se&amp;igramo filmsko-glazbeni <strong>kviz <\/strong>, koji opet vodi poznati kviza\u0161 <strong>Mario Kova\u010d<\/strong><strong> \u2013 <\/strong>kazali\u0161ni redatelj, performer, DJ, glumac, doktor znanosti, scenarist, \u0161ahist, strastveni pub kviza\u0161<strong>. <\/strong>Prijavite se u ekipi 2 do 4 \u010dlana prije po\u010detka kviza, nema kotizacija. Nagrade najboljima osiguravaju Craft bar Valens, Klasik TV i GMVK.<\/p>\n<\/div><\/div>\n<div class=\"col medium-6 small-12 large-6\"  ><div class=\"col-inner\"  >\n\t<div class=\"img has-hover x md-x lg-x y md-y lg-y\" id=\"image_986084140\">\n\t\t\t\t\t\t\t\t<div class=\"img-inner dark\" >\n\t\t\t<img width=\"853\" height=\"555\" src=\"https:\/\/filmfestivaldorf.com\/hr\/wp-content\/uploads\/2023\/07\/lhd.jpg\" class=\"attachment-large size-large\" alt=\"\" loading=\"lazy\" srcset=\"https:\/\/filmfestivaldorf.com\/hr\/wp-content\/uploads\/2023\/07\/lhd.jpg 853w, https:\/\/filmfestivaldorf.com\/hr\/wp-content\/uploads\/2023\/07\/lhd-615x400.jpg 615w, https:\/\/filmfestivaldorf.com\/hr\/wp-content\/uploads\/2023\/07\/lhd-768x500.jpg 768w\" sizes=\"(max-width: 853px) 100vw, 853px\" \/>\t\t\t\t\t\t\n\t\t\t\t\t<\/div>\n\t\t\t\t\t\t\t\t\n<style scope=\"scope\">\n\n#image_986084140 {\n  width: 100%;\n}\n<\/style>\n\t<\/div>\n\t\n<p><b>KONCERT <\/b>\u2013 <b>LHD (Sisak)<\/b><\/p>\n<p>Nakon progla\u0161enja pobjednika i dodjele nagrada, posebna glazbena poslastica na samom kraju je nastup u Lapidariju Gradskog muzeja Vinkovci izvrsnih surf rockera iz Siska <b>LHD<\/b>, koji su pro\u0161lim albumom \u201eOff The Grid\u201c osvojili na\u0161a srca, kao i nekad Bambi Molesters.<\/p>\n<\/div><\/div>\n<\/div>\n\t\t<\/div><!-- .section-content -->\n\n\t\t\n<style scope=\"scope\">\n\n#section_2132651496 {\n  padding-top: 30px;\n  padding-bottom: 30px;\n}\n<\/style>\n\t<\/section>\n\t\n","protected":false},"excerpt":{"rendered":"","protected":false},"author":1,"featured_media":11,"parent":0,"menu_order":14,"comment_status":"closed","ping_status":"closed","template":"page-blank-title-center.php","meta":{"_monsterinsights_skip_tracking":false,"_monsterinsights_sitenote_active":false,"_monsterinsights_sitenote_note":"","_monsterinsights_sitenote_category":0,"_links_to":"","_links_to_target":""},"aioseo_notices":[],"_links":{"self":[{"href":"https:\/\/filmfestivaldorf.com\/hr\/wp-json\/wp\/v2\/pages\/2267"}],"collection":[{"href":"https:\/\/filmfestivaldorf.com\/hr\/wp-json\/wp\/v2\/pages"}],"about":[{"href":"https:\/\/filmfestivaldorf.com\/hr\/wp-json\/wp\/v2\/types\/page"}],"author":[{"embeddable":true,"href":"https:\/\/filmfestivaldorf.com\/hr\/wp-json\/wp\/v2\/users\/1"}],"replies":[{"embeddable":true,"href":"https:\/\/filmfestivaldorf.com\/hr\/wp-json\/wp\/v2\/comments?post=2267"}],"version-history":[{"count":19,"href":"https:\/\/filmfestivaldorf.com\/hr\/wp-json\/wp\/v2\/pages\/2267\/revisions"}],"predecessor-version":[{"id":2727,"href":"https:\/\/filmfestivaldorf.com\/hr\/wp-json\/wp\/v2\/pages\/2267\/revisions\/2727"}],"wp:featuredmedia":[{"embeddable":true,"href":"https:\/\/filmfestivaldorf.com\/hr\/wp-json\/wp\/v2\/media\/11"}],"wp:attachment":[{"href":"https:\/\/filmfestivaldorf.com\/hr\/wp-json\/wp\/v2\/media?parent=2267"}],"curies":[{"name":"wp","href":"https:\/\/api.w.org\/{rel}","templated":true}]}}