{"id":2513,"date":"2022-11-24T11:25:22","date_gmt":"2022-11-24T11:25:22","guid":{"rendered":"https:\/\/filmfestivaldorf.com\/hr\/?page_id=2513"},"modified":"2025-09-05T06:42:10","modified_gmt":"2025-09-05T06:42:10","slug":"dorf-posebne-nagrade-2010-2022","status":"publish","type":"page","link":"https:\/\/filmfestivaldorf.com\/hr\/dorf-posebne-nagrade-2010-2022\/","title":{"rendered":"DORF POSEBNE NAGRADE 2010-2022"},"content":{"rendered":"\t<section class=\"section\" id=\"section_903247473\">\n\t\t<div class=\"bg section-bg fill bg-fill  bg-loaded\" >\n\n\t\t\t\n\t\t\t\n\t\t\t\n\n\t\t<\/div><!-- .section-bg -->\n\n\t\t<div class=\"section-content relative\">\n\t\t\t\n<div class=\"row\"  id=\"row-2132719013\">\n<div class=\"col medium-6 small-12 large-6\"  ><div class=\"col-inner\"  >\n<div class=\"container section-title-container\" ><h3 class=\"section-title section-title-normal\"><b><\/b><span class=\"section-title-main\" >DORF Nagrada za \u017eivotno djelo<\/span><b><\/b><\/h3><\/div><!-- .section-title -->\n<p>2010. Peter Braatz (Njema\u010dka)<\/p>\n<p>2012. VIS Uragani (Hrvatska)<\/p>\n<p>2015. Zdenko Franji\u0107 (Hrvatska)<\/p>\n<p>2016. Don Letts (Velika Britanija)<\/p>\n<p>2017. Dubravko Matakovi\u0107 (Hrvatska)<\/p>\n<p>2018. Vojo \u0160indoli\u0107 (Hrvatska)<\/p>\n<p>2019. Slobodan \u0160ijan (Srbija)<\/p>\n<p>2020. \u017delimir Babogredac (Hrvatska)<\/p>\n<p>2021. Radislav Jovanov Gonzo (Hrvatska)<\/p>\n<p>2022. Stjepan Jimmy Stani\u0107 (Hrvatska)<\/p>\n<p>2023 Sa\u0161a Ano\u010di\u0107 (posthumno)<\/p>\n<\/div><\/div>\n<div class=\"col medium-6 small-12 large-6\"  ><div class=\"col-inner\"  >\n<div class=\"container section-title-container\" ><h3 class=\"section-title section-title-normal\"><b><\/b><span class=\"section-title-main\" >DORF Nagrada za doprinos undergroundu<\/span><b><\/b><\/h3><\/div><!-- .section-title -->\n<p>2011. Velid \u0110eki\u0107 (Hrvatska)<\/p>\n<p>2014. Marko Brecelj (Slovenija)<\/p>\n<p>2017. Damir Bartol Indo\u0161 (Hrvatska)<\/p>\n<p>2018. \u0160areni du\u0107an i Krunoslav Jajeti\u0107 (Hrvatska)<\/p>\n<p>2019. Rambo Amadeus (Srbija)<\/p>\n<p>2020. Igor Hofbauer (Hrvatska)<\/p>\n<p>2021. Mate \u0160kugor (Hrvatska)<\/p>\n<p>2022. Damir Avdi\u0107 (BiH)<\/p>\n<p>2023 Mario Kova\u010d<\/p>\n<\/div><\/div>\n<\/div>\n\t\t<\/div><!-- .section-content -->\n\n\t\t\n<style scope=\"scope\">\n\n#section_903247473 {\n  padding-top: 30px;\n  padding-bottom: 30px;\n}\n<\/style>\n\t<\/section>\n\t\n","protected":false},"excerpt":{"rendered":"","protected":false},"author":1,"featured_media":11,"parent":0,"menu_order":14,"comment_status":"closed","ping_status":"closed","template":"page-blank-title-center.php","meta":{"_monsterinsights_skip_tracking":false,"_monsterinsights_sitenote_active":false,"_monsterinsights_sitenote_note":"","_monsterinsights_sitenote_category":0,"_links_to":"","_links_to_target":""},"aioseo_notices":[],"_links":{"self":[{"href":"https:\/\/filmfestivaldorf.com\/hr\/wp-json\/wp\/v2\/pages\/2513"}],"collection":[{"href":"https:\/\/filmfestivaldorf.com\/hr\/wp-json\/wp\/v2\/pages"}],"about":[{"href":"https:\/\/filmfestivaldorf.com\/hr\/wp-json\/wp\/v2\/types\/page"}],"author":[{"embeddable":true,"href":"https:\/\/filmfestivaldorf.com\/hr\/wp-json\/wp\/v2\/users\/1"}],"replies":[{"embeddable":true,"href":"https:\/\/filmfestivaldorf.com\/hr\/wp-json\/wp\/v2\/comments?post=2513"}],"version-history":[{"count":4,"href":"https:\/\/filmfestivaldorf.com\/hr\/wp-json\/wp\/v2\/pages\/2513\/revisions"}],"predecessor-version":[{"id":2974,"href":"https:\/\/filmfestivaldorf.com\/hr\/wp-json\/wp\/v2\/pages\/2513\/revisions\/2974"}],"wp:featuredmedia":[{"embeddable":true,"href":"https:\/\/filmfestivaldorf.com\/hr\/wp-json\/wp\/v2\/media\/11"}],"wp:attachment":[{"href":"https:\/\/filmfestivaldorf.com\/hr\/wp-json\/wp\/v2\/media?parent=2513"}],"curies":[{"name":"wp","href":"https:\/\/api.w.org\/{rel}","templated":true}]}}