{"id":2802,"date":"2024-09-21T05:49:40","date_gmt":"2024-09-21T05:49:40","guid":{"rendered":"https:\/\/filmfestivaldorf.com\/hr\/?page_id=2802"},"modified":"2024-10-07T13:00:08","modified_gmt":"2024-10-07T13:00:08","slug":"2024-off-dorf","status":"publish","type":"page","link":"https:\/\/filmfestivaldorf.com\/hr\/2024-off-dorf\/","title":{"rendered":"2024 OFF DORF"},"content":{"rendered":"\t<div class=\"img has-hover x md-x lg-x y md-y lg-y\" id=\"image_944618168\">\n\t\t\t\t\t\t\t\t<div class=\"img-inner dark\" >\n\t\t\t<img width=\"1020\" height=\"448\" src=\"https:\/\/filmfestivaldorf.com\/hr\/wp-content\/uploads\/2024\/09\/dorf-festival-vinkovci-1400x615.jpg\" class=\"attachment-large size-large\" alt=\"\" loading=\"lazy\" srcset=\"https:\/\/filmfestivaldorf.com\/hr\/wp-content\/uploads\/2024\/09\/dorf-festival-vinkovci-1400x615.jpg 1400w, https:\/\/filmfestivaldorf.com\/hr\/wp-content\/uploads\/2024\/09\/dorf-festival-vinkovci-800x351.jpg 800w, https:\/\/filmfestivaldorf.com\/hr\/wp-content\/uploads\/2024\/09\/dorf-festival-vinkovci-768x337.jpg 768w, https:\/\/filmfestivaldorf.com\/hr\/wp-content\/uploads\/2024\/09\/dorf-festival-vinkovci-1536x674.jpg 1536w, https:\/\/filmfestivaldorf.com\/hr\/wp-content\/uploads\/2024\/09\/dorf-festival-vinkovci.jpg 1640w\" sizes=\"(max-width: 1020px) 100vw, 1020px\" \/>\t\t\t\t\t\t\n\t\t\t\t\t<\/div>\n\t\t\t\t\t\t\t\t\n<style scope=\"scope\">\n\n#image_944618168 {\n  width: 100%;\n}\n<\/style>\n\t<\/div>\n\t\n\t<div id=\"gap-2062075506\" class=\"gap-element clearfix\" style=\"display:block; height:auto;\">\n\t\t\n<style scope=\"scope\">\n\n#gap-2062075506 {\n  padding-top: 60px;\n}\n<\/style>\n\t<\/div>\n\t\n<div class=\"container section-title-container\" ><h3 class=\"section-title section-title-normal\"><b><\/b><span class=\"section-title-main\" >OFF DORF<\/span><b><\/b><\/h3><\/div><!-- .section-title -->\n<div class=\"container section-title-container\" ><h3 class=\"section-title section-title-normal\"><b><\/b><span class=\"section-title-main\" >PROMOCIJA KNJIGA<\/span><b><\/b><\/h3><\/div><!-- .section-title -->\n\t<section class=\"section\" id=\"section_889614329\">\n\t\t<div class=\"bg section-bg fill bg-fill  bg-loaded\" >\n\n\t\t\t\n\t\t\t\n\t\t\t\n\n\t\t<\/div><!-- .section-bg -->\n\n\t\t<div class=\"section-content relative\">\n\t\t\t\n<div class=\"row\"  id=\"row-1405056730\">\n<div class=\"col medium-6 small-12 large-6\"  ><div class=\"col-inner\"  >\n\t<div class=\"img has-hover x md-x lg-x y md-y lg-y\" id=\"image_778074452\">\n\t\t\t\t\t\t\t\t<div class=\"img-inner dark\" >\n\t\t\t<img width=\"958\" height=\"541\" src=\"https:\/\/filmfestivaldorf.com\/hr\/wp-content\/uploads\/2024\/10\/01-titovi-pankeri.jpg\" class=\"attachment-large size-large\" alt=\"\" loading=\"lazy\" srcset=\"https:\/\/filmfestivaldorf.com\/hr\/wp-content\/uploads\/2024\/10\/01-titovi-pankeri.jpg 958w, https:\/\/filmfestivaldorf.com\/hr\/wp-content\/uploads\/2024\/10\/01-titovi-pankeri-708x400.jpg 708w, https:\/\/filmfestivaldorf.com\/hr\/wp-content\/uploads\/2024\/10\/01-titovi-pankeri-768x434.jpg 768w\" sizes=\"(max-width: 958px) 100vw, 958px\" \/>\t\t\t\t\t\t\n\t\t\t\t\t<\/div>\n\t\t\t\t\t\t\t\t\n<style scope=\"scope\">\n\n#image_778074452 {\n  width: 100%;\n}\n<\/style>\n\t<\/div>\n\t\n<div class=\"is-divider divider clearfix\" style=\"background-color:rgb(0, 0, 0);\"><\/div><!-- .divider -->\n<p><strong>\u201cU potrazi za Titovim punkerima\u201d (Rockmark, 2024)<\/strong><\/p>\n<p>Na\u0161i prijatelji Rockmark objavili su upravo prijevod knjige koja je na engleskom jeziku izvorno objavljena 2023. godine, pod naslovom \u201cIn Search of Tito\u2019s Punks\u201d. Demob, mladi street punk punk iz engleske provincije, snimio je 1981. pjesmu \u201cNo Room For You\u201d, s kojom u svojoj mati\u010dnoj Velikoj Britaniji nisu ostvarili zna\u010dajniji uspjeh. Trideset godina kasnije njezin autor i basist benda, Barry Phillips, saznao je da je pjesma pod naslovom \u201cTo nije mjesto za nas\u201d slavna na podru\u010dju nekada\u0161nje Jugoslavije i da su je obradila eminentna punk imena. KUD Idijoti, naravno. <em>\u201cOdakle sada punkeri u socijalisti\u010dkoj Jugoslaviji?\u201d<\/em> pitao se Barry Phillip, kao i <em>\u201cKakve veze s njima ima pjesma Demoba?\u201d<\/em>. Kako bi nau\u010dio \u0161to vi\u0161e o \u201cTitovim punkerima\u201d, njihovoj glazbi i razmi\u0161ljanjima, obi\u0161ao je Zagreb, Ljubljanu, Pulu, Novi Sad, Beograd i Kragujevac gdje je porazgovarao s glavnim protagonistima (Pankrti, Darko Rundek, KUD Idijoti, Urbana gerila, Atheist Rap, KBO!\u2026), novinarima, kriti\u010darima, izdava\u010dima i fanovima (Petar Janjatovi\u0107, Aleksandar Draga\u0161, Zdenko Franji\u0107, Marin Rosi\u0107\u2026).<\/p>\n<p>S nama su na ovoj promociji Petar Janjatovi\u0107, Sale Veruda (KUD Idijoti), Kre\u0161imir Bla\u017eevi\u0107 (Rockmark), Gregor Bauman (Ljubljana) i Stjepan Vre\u010dko (prevoditelj). Nabavite ovu knjigu i saznajte iz prve ruke detalje, vrlo ekskluzivno.<\/p>\n<\/div><\/div>\n<div class=\"col medium-6 small-12 large-6\"  ><div class=\"col-inner\"  >\n\t<div class=\"img has-hover x md-x lg-x y md-y lg-y\" id=\"image_604609602\">\n\t\t\t\t\t\t\t\t<div class=\"img-inner dark\" >\n\t\t\t<img width=\"958\" height=\"541\" src=\"https:\/\/filmfestivaldorf.com\/hr\/wp-content\/uploads\/2024\/10\/02-ex-you-rock.jpg\" class=\"attachment-large size-large\" alt=\"\" loading=\"lazy\" srcset=\"https:\/\/filmfestivaldorf.com\/hr\/wp-content\/uploads\/2024\/10\/02-ex-you-rock.jpg 958w, https:\/\/filmfestivaldorf.com\/hr\/wp-content\/uploads\/2024\/10\/02-ex-you-rock-708x400.jpg 708w, https:\/\/filmfestivaldorf.com\/hr\/wp-content\/uploads\/2024\/10\/02-ex-you-rock-768x434.jpg 768w\" sizes=\"(max-width: 958px) 100vw, 958px\" \/>\t\t\t\t\t\t\n\t\t\t\t\t<\/div>\n\t\t\t\t\t\t\t\t\n<style scope=\"scope\">\n\n#image_604609602 {\n  width: 100%;\n}\n<\/style>\n\t<\/div>\n\t\n<div class=\"is-divider divider clearfix\" style=\"background-color:rgb(0, 0, 0);\"><\/div><!-- .divider -->\n<p><b>\u201cEx-Yu rock enciklopedija\u201d (Petar Janjatovi\u0107, 2024)<\/b><\/p>\n<p>Peto dopunjeno izdanje kultne EX YU ROCK ENCIKLOPEDIJE, Petra Janjatovi\u0107a sadr\u017ei oko 30 novih enciklopedijskih jedinica, sve spakirano u 448 strana tvrdog uveza, ilustrirano crnobijelim fotografijama kojih u knjizi ranije nije bilo, pa sve pro\u0161arano i jednim kolornim blokom. U biografijama grupa su dopisane aktivnosti njihovih \u010dlanova koje su se odigrale posljednjih osam godina. Nov je i izbor muzi\u010dkih dokumentarnih filmova koji se bave temama na ex Yu prostoru od kraja osamdesetih do danas. EX YU ROCK ENCIKLOPEDIJA Petra Janjatovi\u0107a je sveobuhvatni resurs za ljubitelje muzike, istra\u017eiva\u010de i sve one koji \u017eele dublje razumjeti evoluciju ex YU rok scene. Na\u0161 gost je Petar Janjatovi\u0107, naravno, u dobrom dru\u0161tvu.<\/p>\n<\/div><\/div>\n<div class=\"col medium-6 small-12 large-6\"  ><div class=\"col-inner\"  >\n\t<div class=\"img has-hover x md-x lg-x y md-y lg-y\" id=\"image_1114577917\">\n\t\t\t\t\t\t\t\t<div class=\"img-inner dark\" >\n\t\t\t<img width=\"958\" height=\"541\" src=\"https:\/\/filmfestivaldorf.com\/hr\/wp-content\/uploads\/2024\/10\/03-dorf-monografija.jpg\" class=\"attachment-large size-large\" alt=\"\" loading=\"lazy\" srcset=\"https:\/\/filmfestivaldorf.com\/hr\/wp-content\/uploads\/2024\/10\/03-dorf-monografija.jpg 958w, https:\/\/filmfestivaldorf.com\/hr\/wp-content\/uploads\/2024\/10\/03-dorf-monografija-708x400.jpg 708w, https:\/\/filmfestivaldorf.com\/hr\/wp-content\/uploads\/2024\/10\/03-dorf-monografija-768x434.jpg 768w\" sizes=\"(max-width: 958px) 100vw, 958px\" \/>\t\t\t\t\t\t\n\t\t\t\t\t<\/div>\n\t\t\t\t\t\t\t\t\n<style scope=\"scope\">\n\n#image_1114577917 {\n  width: 100%;\n}\n<\/style>\n\t<\/div>\n\t\n<div class=\"is-divider divider clearfix\" style=\"background-color:rgb(0, 0, 0);\"><\/div><!-- .divider -->\n<p><b>\u201cDORF monografija\u201d (Udruga ljubitelja filma RARE, 2024)<\/b><\/p>\n<p>Premijerno vam predstavljamo na\u0161ih 18 DORF godina u tiskanom obliku. Nemamo ni\u0161ta vi\u0161e za dodati. Ostavljamo onima koji dolaze i u knji\u017enice i svima koji ste bili s nama od 2007. godine.<\/p>\n<\/div><\/div>\n<\/div>\n\t\t<\/div><!-- .section-content -->\n\n\t\t\n<style scope=\"scope\">\n\n#section_889614329 {\n  padding-top: 30px;\n  padding-bottom: 30px;\n}\n<\/style>\n\t<\/section>\n\t\n","protected":false},"excerpt":{"rendered":"","protected":false},"author":1,"featured_media":11,"parent":0,"menu_order":14,"comment_status":"closed","ping_status":"closed","template":"page-blank-title-center.php","meta":{"_monsterinsights_skip_tracking":false,"_monsterinsights_sitenote_active":false,"_monsterinsights_sitenote_note":"","_monsterinsights_sitenote_category":0,"_links_to":"","_links_to_target":""},"aioseo_notices":[],"_links":{"self":[{"href":"https:\/\/filmfestivaldorf.com\/hr\/wp-json\/wp\/v2\/pages\/2802"}],"collection":[{"href":"https:\/\/filmfestivaldorf.com\/hr\/wp-json\/wp\/v2\/pages"}],"about":[{"href":"https:\/\/filmfestivaldorf.com\/hr\/wp-json\/wp\/v2\/types\/page"}],"author":[{"embeddable":true,"href":"https:\/\/filmfestivaldorf.com\/hr\/wp-json\/wp\/v2\/users\/1"}],"replies":[{"embeddable":true,"href":"https:\/\/filmfestivaldorf.com\/hr\/wp-json\/wp\/v2\/comments?post=2802"}],"version-history":[{"count":9,"href":"https:\/\/filmfestivaldorf.com\/hr\/wp-json\/wp\/v2\/pages\/2802\/revisions"}],"predecessor-version":[{"id":2930,"href":"https:\/\/filmfestivaldorf.com\/hr\/wp-json\/wp\/v2\/pages\/2802\/revisions\/2930"}],"wp:featuredmedia":[{"embeddable":true,"href":"https:\/\/filmfestivaldorf.com\/hr\/wp-json\/wp\/v2\/media\/11"}],"wp:attachment":[{"href":"https:\/\/filmfestivaldorf.com\/hr\/wp-json\/wp\/v2\/media?parent=2802"}],"curies":[{"name":"wp","href":"https:\/\/api.w.org\/{rel}","templated":true}]}}